{"id":2,"date":"2010-11-20T04:08:33","date_gmt":"2010-11-20T10:08:33","guid":{"rendered":"http:\/\/jodelson.com\/poemas\/?page_id=2"},"modified":"2025-02-21T12:08:48","modified_gmt":"2025-02-21T15:08:48","slug":"about","status":"publish","type":"page","link":"https:\/\/jodelson.com\/poemas\/about\/","title":{"rendered":"Sobre este Blog"},"content":{"rendered":"\n<p>Ol\u00e1, amantes da poesia! Este blog \u00e9 um resgate de versos que escrevi e guardei por mais de 40 anos, e que agora compartilho com voc\u00eas. Espero que estes poemas inspirem e emocionem, e que este espa\u00e7o se torne um lugar de intera\u00e7\u00f5es para amantes da poesia. Os poemas est\u00e3o organizados por \u00e9poca, como cap\u00edtulos de uma longa jornada po\u00e9tica.<\/p>\n\n\n\n<h2 class=\"wp-block-heading\">Sobre os meus poemas<\/h2>\n\n\n\n<p>Meus poemas s\u00e3o cria\u00e7\u00f5es originais e protegidas por direitos autorais. Agrade\u00e7o a sua colabora\u00e7\u00e3o em n\u00e3o copiar ou publicar meus versos sem autoriza\u00e7\u00e3o. Para complementar a leitura, adicionei ilustra\u00e7\u00f5es que conversam com os poemas, sejam elas encontradas na internet ou produzidas por mim. Todas as representa\u00e7\u00f5es visuais s\u00e3o de dom\u00ednio p\u00fablico, com seus autores creditados.<\/p>\n\n\n\n<h2 class=\"wp-block-heading\">Cr\u00edticas, coment\u00e1rios e contribui\u00e7\u00f5es<\/h2>\n\n\n\n<p>Aqui, a poesia \u00e9 a protagonista! Por isso, n\u00e3o divulgo sites ou produtos pagos. No entanto, adoro conhecer e compartilhar links de sites de poesia e outros temas que inspirem os poetas, desde que sejam sem fins lucrativos.<\/p>\n\n\n\n<h2 class=\"wp-block-heading\">Doa\u00e7\u00f5es<\/h2>\n\n\n\n<p>Se voc\u00ea aprecia este espa\u00e7o e deseja me ajudar a mant\u00ea-lo vivo, sua contribui\u00e7\u00e3o \u00e9 muito bem-vinda! Voc\u00ea pode contribuir para os custos do blog ou compartilh\u00e1-lo com seus amigos nas redes sociais. Se quiser colaborar, entre em contato por e-mail ou preencha o formul\u00e1rio abaixo. Sua generosidade faz toda a diferen\u00e7a!<\/p>\n\n\n\n<h2 class=\"wp-block-heading\">Quer me enviar uma mensagem?<\/h2>\n\n\n\n<p>Basta preencher os campos abaixo e depois clicar no bot\u00e3o [ENVIAR]<\/p>\n\n\n\n<div class=\"wpcf7 no-js\" id=\"wpcf7-f210-o1\" lang=\"pt-BR\" dir=\"ltr\" data-wpcf7-id=\"210\">\n<div class=\"screen-reader-response\"><p role=\"status\" aria-live=\"polite\" aria-atomic=\"true\"><\/p> <ul><\/ul><\/div>\n<form action=\"\/poemas\/wp-json\/wp\/v2\/pages\/2#wpcf7-f210-o1\" method=\"post\" class=\"wpcf7-form init\" aria-label=\"Formul\u00e1rios de contato\" novalidate=\"novalidate\" data-status=\"init\">\n<div style=\"display: none;\">\n<input type=\"hidden\" name=\"_wpcf7\" value=\"210\" \/>\n<input type=\"hidden\" name=\"_wpcf7_version\" value=\"6.0.6\" \/>\n<input type=\"hidden\" name=\"_wpcf7_locale\" value=\"pt_BR\" \/>\n<input type=\"hidden\" name=\"_wpcf7_unit_tag\" value=\"wpcf7-f210-o1\" \/>\n<input type=\"hidden\" name=\"_wpcf7_container_post\" value=\"0\" \/>\n<input type=\"hidden\" name=\"_wpcf7_posted_data_hash\" value=\"\" \/>\n<\/div>\n<p><label> Seu nome<br \/>\n<span class=\"wpcf7-form-control-wrap\" data-name=\"your-name\"><input size=\"40\" maxlength=\"400\" class=\"wpcf7-form-control wpcf7-text wpcf7-validates-as-required\" autocomplete=\"name\" aria-required=\"true\" aria-invalid=\"false\" value=\"\" type=\"text\" name=\"your-name\" \/><\/span> <\/label>\n<\/p>\n<p><label> Seu e-mail<br \/>\n<span class=\"wpcf7-form-control-wrap\" data-name=\"your-email\"><input size=\"40\" maxlength=\"400\" class=\"wpcf7-form-control wpcf7-email wpcf7-validates-as-required wpcf7-text wpcf7-validates-as-email\" autocomplete=\"email\" aria-required=\"true\" aria-invalid=\"false\" value=\"\" type=\"email\" name=\"your-email\" \/><\/span> <\/label>\n<\/p>\n<p><label> Assunto<br \/>\n<span class=\"wpcf7-form-control-wrap\" data-name=\"your-subject\"><input size=\"40\" maxlength=\"400\" class=\"wpcf7-form-control wpcf7-text wpcf7-validates-as-required\" aria-required=\"true\" aria-invalid=\"false\" value=\"\" type=\"text\" name=\"your-subject\" \/><\/span> <\/label>\n<\/p>\n<p><label> Sua mensagem<br \/>\n<span class=\"wpcf7-form-control-wrap\" data-name=\"your-message\"><textarea cols=\"40\" rows=\"10\" maxlength=\"2000\" class=\"wpcf7-form-control wpcf7-textarea wpcf7-validates-as-required\" aria-required=\"true\" aria-invalid=\"false\" name=\"your-message\"><\/textarea><\/span> <\/label>\n<\/p>\n<p><input class=\"wpcf7-form-control wpcf7-submit has-spinner\" type=\"submit\" value=\"Enviar\" \/>\n<\/p><p style=\"display: none !important;\" class=\"akismet-fields-container\" data-prefix=\"_wpcf7_ak_\"><label>&#916;<textarea name=\"_wpcf7_ak_hp_textarea\" cols=\"45\" rows=\"8\" maxlength=\"100\"><\/textarea><\/label><input type=\"hidden\" id=\"ak_js_1\" name=\"_wpcf7_ak_js\" value=\"83\"\/><script>document.getElementById( \"ak_js_1\" ).setAttribute( \"value\", ( new Date() ).getTime() );<\/script><\/p><div class=\"wpcf7-response-output\" aria-hidden=\"true\"><\/div>\n<\/form>\n<\/div>\n\n","protected":false},"excerpt":{"rendered":"<p>Ol\u00e1, amantes da poesia! Este blog \u00e9 um resgate de versos que escrevi e guardei por mais de 40 anos, e que agora compartilho com voc\u00eas. Espero que estes poemas inspirem e emocionem, e que este espa\u00e7o se torne um lugar de intera\u00e7\u00f5es para amantes da poesia. Os poemas est\u00e3o organizados por \u00e9poca, como cap\u00edtulos [&hellip;]<\/p>\n","protected":false},"author":1,"featured_media":0,"parent":0,"menu_order":0,"comment_status":"closed","ping_status":"open","template":"","meta":{"jetpack_post_was_ever_published":false,"footnotes":""},"class_list":["post-2","page","type-page","status-publish","hentry"],"yoast_head":"<!-- This site is optimized with the Yoast SEO plugin v27.2 - https:\/\/yoast.com\/product\/yoast-seo-wordpress\/ -->\n<title>Sobre este Blog - Poemas<\/title>\n<meta name=\"robots\" content=\"index, follow, max-snippet:-1, max-image-preview:large, max-video-preview:-1\" \/>\n<link rel=\"canonical\" href=\"https:\/\/jodelson.com\/poemas\/about\/\" \/>\n<meta property=\"og:locale\" content=\"pt_BR\" \/>\n<meta property=\"og:type\" content=\"article\" \/>\n<meta property=\"og:title\" content=\"Sobre este Blog - Poemas\" \/>\n<meta property=\"og:description\" content=\"Ol\u00e1, amantes da poesia! Este blog \u00e9 um resgate de versos que escrevi e guardei por mais de 40 anos, e que agora compartilho com voc\u00eas. Espero que estes poemas inspirem e emocionem, e que este espa\u00e7o se torne um lugar de intera\u00e7\u00f5es para amantes da poesia. Os poemas est\u00e3o organizados por \u00e9poca, como cap\u00edtulos [&hellip;]\" \/>\n<meta property=\"og:url\" content=\"https:\/\/jodelson.com\/poemas\/about\/\" \/>\n<meta property=\"og:site_name\" content=\"Poemas\" \/>\n<meta property=\"article:publisher\" content=\"https:\/\/www.facebook.com\/vvviajando\/\" \/>\n<meta property=\"article:modified_time\" content=\"2025-02-21T15:08:48+00:00\" \/>\n<meta name=\"twitter:card\" content=\"summary_large_image\" \/>\n<meta name=\"twitter:label1\" content=\"Est. tempo de leitura\" \/>\n\t<meta name=\"twitter:data1\" content=\"1 minuto\" \/>\n<script type=\"application\/ld+json\" class=\"yoast-schema-graph\">{\"@context\":\"https:\/\/schema.org\",\"@graph\":[{\"@type\":\"WebPage\",\"@id\":\"https:\/\/jodelson.com\/poemas\/about\/\",\"url\":\"https:\/\/jodelson.com\/poemas\/about\/\",\"name\":\"Sobre este Blog - Poemas\",\"isPartOf\":{\"@id\":\"https:\/\/jodelson.com\/poemas\/#website\"},\"datePublished\":\"2010-11-20T10:08:33+00:00\",\"dateModified\":\"2025-02-21T15:08:48+00:00\",\"breadcrumb\":{\"@id\":\"https:\/\/jodelson.com\/poemas\/about\/#breadcrumb\"},\"inLanguage\":\"pt-BR\",\"potentialAction\":[{\"@type\":\"ReadAction\",\"target\":[\"https:\/\/jodelson.com\/poemas\/about\/\"]}]},{\"@type\":\"BreadcrumbList\",\"@id\":\"https:\/\/jodelson.com\/poemas\/about\/#breadcrumb\",\"itemListElement\":[{\"@type\":\"ListItem\",\"position\":1,\"name\":\"In\u00edcio\",\"item\":\"https:\/\/jodelson.com\/poemas\/\"},{\"@type\":\"ListItem\",\"position\":2,\"name\":\"Sobre este Blog\"}]},{\"@type\":\"WebSite\",\"@id\":\"https:\/\/jodelson.com\/poemas\/#website\",\"url\":\"https:\/\/jodelson.com\/poemas\/\",\"name\":\"Poemas\",\"description\":\"de Jodelson Sabino\",\"publisher\":{\"@id\":\"https:\/\/jodelson.com\/poemas\/#\/schema\/person\/adf893ff7d3e2be24411e7c5aa3968d5\"},\"potentialAction\":[{\"@type\":\"SearchAction\",\"target\":{\"@type\":\"EntryPoint\",\"urlTemplate\":\"https:\/\/jodelson.com\/poemas\/?s={search_term_string}\"},\"query-input\":{\"@type\":\"PropertyValueSpecification\",\"valueRequired\":true,\"valueName\":\"search_term_string\"}}],\"inLanguage\":\"pt-BR\"},{\"@type\":[\"Person\",\"Organization\"],\"@id\":\"https:\/\/jodelson.com\/poemas\/#\/schema\/person\/adf893ff7d3e2be24411e7c5aa3968d5\",\"name\":\"jodelson\",\"image\":{\"@type\":\"ImageObject\",\"inLanguage\":\"pt-BR\",\"@id\":\"https:\/\/jodelson.com\/poemas\/wp-content\/uploads\/2016\/01\/cropped-pena-e-tinteiro_512x512-1.jpg\",\"url\":\"https:\/\/jodelson.com\/poemas\/wp-content\/uploads\/2016\/01\/cropped-pena-e-tinteiro_512x512-1.jpg\",\"contentUrl\":\"https:\/\/jodelson.com\/poemas\/wp-content\/uploads\/2016\/01\/cropped-pena-e-tinteiro_512x512-1.jpg\",\"width\":240,\"height\":240,\"caption\":\"jodelson\"},\"logo\":{\"@id\":\"https:\/\/jodelson.com\/poemas\/wp-content\/uploads\/2016\/01\/cropped-pena-e-tinteiro_512x512-1.jpg\"},\"sameAs\":[\"https:\/\/www.facebook.com\/vvviajando\/\",\"http:\/\/instagram.com\/vvviajando\"]}]}<\/script>\n<!-- \/ Yoast SEO plugin. -->","yoast_head_json":{"title":"Sobre este Blog - Poemas","robots":{"index":"index","follow":"follow","max-snippet":"max-snippet:-1","max-image-preview":"max-image-preview:large","max-video-preview":"max-video-preview:-1"},"canonical":"https:\/\/jodelson.com\/poemas\/about\/","og_locale":"pt_BR","og_type":"article","og_title":"Sobre este Blog - Poemas","og_description":"Ol\u00e1, amantes da poesia! Este blog \u00e9 um resgate de versos que escrevi e guardei por mais de 40 anos, e que agora compartilho com voc\u00eas. Espero que estes poemas inspirem e emocionem, e que este espa\u00e7o se torne um lugar de intera\u00e7\u00f5es para amantes da poesia. Os poemas est\u00e3o organizados por \u00e9poca, como cap\u00edtulos [&hellip;]","og_url":"https:\/\/jodelson.com\/poemas\/about\/","og_site_name":"Poemas","article_publisher":"https:\/\/www.facebook.com\/vvviajando\/","article_modified_time":"2025-02-21T15:08:48+00:00","twitter_card":"summary_large_image","twitter_misc":{"Est. tempo de leitura":"1 minuto"},"schema":{"@context":"https:\/\/schema.org","@graph":[{"@type":"WebPage","@id":"https:\/\/jodelson.com\/poemas\/about\/","url":"https:\/\/jodelson.com\/poemas\/about\/","name":"Sobre este Blog - Poemas","isPartOf":{"@id":"https:\/\/jodelson.com\/poemas\/#website"},"datePublished":"2010-11-20T10:08:33+00:00","dateModified":"2025-02-21T15:08:48+00:00","breadcrumb":{"@id":"https:\/\/jodelson.com\/poemas\/about\/#breadcrumb"},"inLanguage":"pt-BR","potentialAction":[{"@type":"ReadAction","target":["https:\/\/jodelson.com\/poemas\/about\/"]}]},{"@type":"BreadcrumbList","@id":"https:\/\/jodelson.com\/poemas\/about\/#breadcrumb","itemListElement":[{"@type":"ListItem","position":1,"name":"In\u00edcio","item":"https:\/\/jodelson.com\/poemas\/"},{"@type":"ListItem","position":2,"name":"Sobre este Blog"}]},{"@type":"WebSite","@id":"https:\/\/jodelson.com\/poemas\/#website","url":"https:\/\/jodelson.com\/poemas\/","name":"Poemas","description":"de Jodelson Sabino","publisher":{"@id":"https:\/\/jodelson.com\/poemas\/#\/schema\/person\/adf893ff7d3e2be24411e7c5aa3968d5"},"potentialAction":[{"@type":"SearchAction","target":{"@type":"EntryPoint","urlTemplate":"https:\/\/jodelson.com\/poemas\/?s={search_term_string}"},"query-input":{"@type":"PropertyValueSpecification","valueRequired":true,"valueName":"search_term_string"}}],"inLanguage":"pt-BR"},{"@type":["Person","Organization"],"@id":"https:\/\/jodelson.com\/poemas\/#\/schema\/person\/adf893ff7d3e2be24411e7c5aa3968d5","name":"jodelson","image":{"@type":"ImageObject","inLanguage":"pt-BR","@id":"https:\/\/jodelson.com\/poemas\/wp-content\/uploads\/2016\/01\/cropped-pena-e-tinteiro_512x512-1.jpg","url":"https:\/\/jodelson.com\/poemas\/wp-content\/uploads\/2016\/01\/cropped-pena-e-tinteiro_512x512-1.jpg","contentUrl":"https:\/\/jodelson.com\/poemas\/wp-content\/uploads\/2016\/01\/cropped-pena-e-tinteiro_512x512-1.jpg","width":240,"height":240,"caption":"jodelson"},"logo":{"@id":"https:\/\/jodelson.com\/poemas\/wp-content\/uploads\/2016\/01\/cropped-pena-e-tinteiro_512x512-1.jpg"},"sameAs":["https:\/\/www.facebook.com\/vvviajando\/","http:\/\/instagram.com\/vvviajando"]}]}},"jetpack_sharing_enabled":true,"jetpack_shortlink":"https:\/\/wp.me\/P5yVIj-2","jetpack-related-posts":[],"_links":{"self":[{"href":"https:\/\/jodelson.com\/poemas\/wp-json\/wp\/v2\/pages\/2","targetHints":{"allow":["GET"]}}],"collection":[{"href":"https:\/\/jodelson.com\/poemas\/wp-json\/wp\/v2\/pages"}],"about":[{"href":"https:\/\/jodelson.com\/poemas\/wp-json\/wp\/v2\/types\/page"}],"author":[{"embeddable":true,"href":"https:\/\/jodelson.com\/poemas\/wp-json\/wp\/v2\/users\/1"}],"replies":[{"embeddable":true,"href":"https:\/\/jodelson.com\/poemas\/wp-json\/wp\/v2\/comments?post=2"}],"version-history":[{"count":5,"href":"https:\/\/jodelson.com\/poemas\/wp-json\/wp\/v2\/pages\/2\/revisions"}],"predecessor-version":[{"id":217,"href":"https:\/\/jodelson.com\/poemas\/wp-json\/wp\/v2\/pages\/2\/revisions\/217"}],"wp:attachment":[{"href":"https:\/\/jodelson.com\/poemas\/wp-json\/wp\/v2\/media?parent=2"}],"curies":[{"name":"wp","href":"https:\/\/api.w.org\/{rel}","templated":true}]}}