{"id":2785,"date":"2016-02-25T05:54:30","date_gmt":"2016-02-25T08:54:30","guid":{"rendered":"http:\/\/jodelson.com\/dicasdeviagem\/?page_id=2785"},"modified":"2019-05-05T08:18:58","modified_gmt":"2019-05-05T11:18:58","slug":"fale-comigo","status":"publish","type":"page","link":"http:\/\/jodelson.com\/dicasdeviagem\/fale-comigo\/","title":{"rendered":"Fale comigo"},"content":{"rendered":"\t\t<div data-elementor-type=\"wp-post\" data-elementor-id=\"2785\" class=\"elementor elementor-2785\">\n\t\t\t\t\t\t<section class=\"elementor-section elementor-top-section elementor-element elementor-element-242df86 elementor-section-boxed elementor-section-height-default elementor-section-height-default\" data-id=\"242df86\" data-element_type=\"section\">\n\t\t\t\t\t\t<div class=\"elementor-container elementor-column-gap-default\">\n\t\t\t\t\t<div class=\"elementor-column elementor-col-100 elementor-top-column elementor-element elementor-element-1e55100\" data-id=\"1e55100\" data-element_type=\"column\">\n\t\t\t<div class=\"elementor-widget-wrap elementor-element-populated\">\n\t\t\t\t\t\t<div class=\"elementor-element elementor-element-c3237bf elementor-widget elementor-widget-image\" data-id=\"c3237bf\" data-element_type=\"widget\" data-widget_type=\"image.default\">\n\t\t\t\t<div class=\"elementor-widget-container\">\n\t\t\t\t\t\t\t\t\t\t\t\t\t\t\t<img fetchpriority=\"high\" decoding=\"async\" width=\"600\" height=\"338\" src=\"https:\/\/i0.wp.com\/jodelson.com\/dicasdeviagem\/wp-content\/uploads\/2016\/02\/fale-comigo.jpg?fit=600%2C338\" class=\"attachment-large size-large wp-image-2786\" alt=\"fale-comigo\" srcset=\"https:\/\/i0.wp.com\/jodelson.com\/dicasdeviagem\/wp-content\/uploads\/2016\/02\/fale-comigo.jpg?w=600 600w, https:\/\/i0.wp.com\/jodelson.com\/dicasdeviagem\/wp-content\/uploads\/2016\/02\/fale-comigo.jpg?resize=300%2C169 300w\" sizes=\"(max-width: 600px) 100vw, 600px\" \/>\t\t\t\t\t\t\t\t\t\t\t\t\t\t\t<\/div>\n\t\t\t\t<\/div>\n\t\t\t\t\t<\/div>\n\t\t<\/div>\n\t\t\t\t\t<\/div>\n\t\t<\/section>\n\t\t\t\t<section class=\"elementor-section elementor-top-section elementor-element elementor-element-706dcff1 elementor-section-boxed elementor-section-height-default elementor-section-height-default\" data-id=\"706dcff1\" data-element_type=\"section\">\n\t\t\t\t\t\t<div class=\"elementor-container elementor-column-gap-default\">\n\t\t\t\t\t<div class=\"elementor-column elementor-col-100 elementor-top-column elementor-element elementor-element-3bd62402\" data-id=\"3bd62402\" data-element_type=\"column\">\n\t\t\t<div class=\"elementor-widget-wrap elementor-element-populated\">\n\t\t\t\t\t\t<div class=\"elementor-element elementor-element-1b8b967e elementor-widget elementor-widget-text-editor\" data-id=\"1b8b967e\" data-element_type=\"widget\" data-widget_type=\"text-editor.default\">\n\t\t\t\t<div class=\"elementor-widget-container\">\n\t\t\t\t\t\t\t\t\t<p><\/p>\n<p><\/p>\n<p>Se voc\u00ea quiser me enviar uma sugest\u00e3o, cr\u00edtica ou elogio eu lhe agrade\u00e7o imensamente, pois o retorno dos leitores \u00e9 muito importante para\u00a0alimenta\u00e7\u00e3o do ciclo<\/p>\n<p><\/p>\n<p><\/p>\t\t\t\t\t\t\t\t<\/div>\n\t\t\t\t<\/div>\n\t\t\t\t\t<\/div>\n\t\t<\/div>\n\t\t\t\t\t<\/div>\n\t\t<\/section>\n\t\t\t\t<section class=\"elementor-section elementor-top-section elementor-element elementor-element-e4456f3 elementor-section-boxed elementor-section-height-default elementor-section-height-default\" data-id=\"e4456f3\" data-element_type=\"section\">\n\t\t\t\t\t\t<div class=\"elementor-container elementor-column-gap-default\">\n\t\t\t\t\t<div class=\"elementor-column elementor-col-20 elementor-top-column elementor-element elementor-element-3e67b96\" data-id=\"3e67b96\" data-element_type=\"column\">\n\t\t\t<div class=\"elementor-widget-wrap elementor-element-populated\">\n\t\t\t\t\t\t<div class=\"elementor-element elementor-element-b90d83a elementor-widget elementor-widget-button\" data-id=\"b90d83a\" data-element_type=\"widget\" data-widget_type=\"button.default\">\n\t\t\t\t<div class=\"elementor-widget-container\">\n\t\t\t\t\t\t\t\t\t<div class=\"elementor-button-wrapper\">\n\t\t\t\t\t<a class=\"elementor-button elementor-button-link elementor-size-md\" href=\"#\">\n\t\t\t\t\t\t<span class=\"elementor-button-content-wrapper\">\n\t\t\t\t\t\t\t\t\t<span class=\"elementor-button-text\">escrevo mais<\/span>\n\t\t\t\t\t<\/span>\n\t\t\t\t\t<\/a>\n\t\t\t\t<\/div>\n\t\t\t\t\t\t\t\t<\/div>\n\t\t\t\t<\/div>\n\t\t\t\t\t<\/div>\n\t\t<\/div>\n\t\t\t\t<div class=\"elementor-column elementor-col-20 elementor-top-column elementor-element elementor-element-6fbad00\" data-id=\"6fbad00\" data-element_type=\"column\">\n\t\t\t<div class=\"elementor-widget-wrap elementor-element-populated\">\n\t\t\t\t\t\t<div class=\"elementor-element elementor-element-21c85bf elementor-view-default elementor-widget elementor-widget-icon\" data-id=\"21c85bf\" data-element_type=\"widget\" data-widget_type=\"icon.default\">\n\t\t\t\t<div class=\"elementor-widget-container\">\n\t\t\t\t\t\t\t<div class=\"elementor-icon-wrapper\">\n\t\t\t<div class=\"elementor-icon\">\n\t\t\t\t\t\t\t<i class=\"fa fa-arrow-right\" aria-hidden=\"true\"><\/i>\n\t\t\t\t\t\t<\/div>\n\t\t<\/div>\n\t\t\t\t\t\t<\/div>\n\t\t\t\t<\/div>\n\t\t\t\t\t<\/div>\n\t\t<\/div>\n\t\t\t\t<div class=\"elementor-column elementor-col-20 elementor-top-column elementor-element elementor-element-6d71887\" data-id=\"6d71887\" data-element_type=\"column\">\n\t\t\t<div class=\"elementor-widget-wrap elementor-element-populated\">\n\t\t\t\t\t\t<div class=\"elementor-element elementor-element-45917d9 elementor-widget elementor-widget-button\" data-id=\"45917d9\" data-element_type=\"widget\" data-widget_type=\"button.default\">\n\t\t\t\t<div class=\"elementor-widget-container\">\n\t\t\t\t\t\t\t\t\t<div class=\"elementor-button-wrapper\">\n\t\t\t\t\t<a class=\"elementor-button elementor-button-link elementor-size-md\" href=\"#\">\n\t\t\t\t\t\t<span class=\"elementor-button-content-wrapper\">\n\t\t\t\t\t\t\t\t\t<span class=\"elementor-button-text\">recebo retorno dos leitores<\/span>\n\t\t\t\t\t<\/span>\n\t\t\t\t\t<\/a>\n\t\t\t\t<\/div>\n\t\t\t\t\t\t\t\t<\/div>\n\t\t\t\t<\/div>\n\t\t\t\t\t<\/div>\n\t\t<\/div>\n\t\t\t\t<div class=\"elementor-column elementor-col-20 elementor-top-column elementor-element elementor-element-41d0de8\" data-id=\"41d0de8\" data-element_type=\"column\">\n\t\t\t<div class=\"elementor-widget-wrap elementor-element-populated\">\n\t\t\t\t\t\t<div class=\"elementor-element elementor-element-8aacd66 elementor-view-default elementor-widget elementor-widget-icon\" data-id=\"8aacd66\" data-element_type=\"widget\" data-widget_type=\"icon.default\">\n\t\t\t\t<div class=\"elementor-widget-container\">\n\t\t\t\t\t\t\t<div class=\"elementor-icon-wrapper\">\n\t\t\t<div class=\"elementor-icon\">\n\t\t\t\t\t\t\t<i class=\"fa fa-arrow-right\" aria-hidden=\"true\"><\/i>\n\t\t\t\t\t\t<\/div>\n\t\t<\/div>\n\t\t\t\t\t\t<\/div>\n\t\t\t\t<\/div>\n\t\t\t\t\t<\/div>\n\t\t<\/div>\n\t\t\t\t<div class=\"elementor-column elementor-col-20 elementor-top-column elementor-element elementor-element-5f92bae\" data-id=\"5f92bae\" data-element_type=\"column\">\n\t\t\t<div class=\"elementor-widget-wrap elementor-element-populated\">\n\t\t\t\t\t\t<div class=\"elementor-element elementor-element-704ff60 elementor-widget elementor-widget-button\" data-id=\"704ff60\" data-element_type=\"widget\" data-widget_type=\"button.default\">\n\t\t\t\t<div class=\"elementor-widget-container\">\n\t\t\t\t\t\t\t\t\t<div class=\"elementor-button-wrapper\">\n\t\t\t\t\t<a class=\"elementor-button elementor-button-link elementor-size-md\" href=\"#\">\n\t\t\t\t\t\t<span class=\"elementor-button-content-wrapper\">\n\t\t\t\t\t\t\t\t\t<span class=\"elementor-button-text\">escrevo mais<\/span>\n\t\t\t\t\t<\/span>\n\t\t\t\t\t<\/a>\n\t\t\t\t<\/div>\n\t\t\t\t\t\t\t\t<\/div>\n\t\t\t\t<\/div>\n\t\t\t\t\t<\/div>\n\t\t<\/div>\n\t\t\t\t\t<\/div>\n\t\t<\/section>\n\t\t\t\t<section class=\"elementor-section elementor-top-section elementor-element elementor-element-2e8ea2b elementor-section-boxed elementor-section-height-default elementor-section-height-default\" data-id=\"2e8ea2b\" data-element_type=\"section\">\n\t\t\t\t\t\t<div class=\"elementor-container elementor-column-gap-default\">\n\t\t\t\t\t<div class=\"elementor-column elementor-col-100 elementor-top-column elementor-element elementor-element-9ce9a80\" data-id=\"9ce9a80\" data-element_type=\"column\">\n\t\t\t<div class=\"elementor-widget-wrap elementor-element-populated\">\n\t\t\t\t\t\t<div class=\"elementor-element elementor-element-9492684 elementor-widget elementor-widget-text-editor\" data-id=\"9492684\" data-element_type=\"widget\" data-widget_type=\"text-editor.default\">\n\t\t\t\t<div class=\"elementor-widget-container\">\n\t\t\t\t\t\t\t\t\t<p><\/p>\n<p><\/p>\n<p>Se voc\u00ea tiver alguma d\u00favida sobre como encontrar alguma informa\u00e7\u00e3o no meu blog ou quiser conhecer as dicas para voc\u00ea usar esse blog de maneira mais eficiente, consulte a <a href=\"http:\/\/jodelson.com\/dicasdeviagem\/dicas-de-uso\/\">p\u00e1gina sobre dicas de uso do blog<\/a>.<\/p>\n<p><\/p>\n<p><\/p>\n<hr class=\"wp-block-separator\" \/>\n<p><\/p>\n<p><\/p>\n<p>Por favor preencha os campos abaixo e clique\u00a0o bot\u00e3o [ENVIAR] e eu lhe retornarei assim que poss\u00edvel.<\/p>\n<p><\/p>\n<p><p><\/p>\n<div class=\"wpcf7 no-js\" id=\"wpcf7-f2791-o1\" lang=\"pt-BR\" dir=\"ltr\" data-wpcf7-id=\"2791\">\n<div class=\"screen-reader-response\">\n<p role=\"status\" aria-live=\"polite\" aria-atomic=\"true\">\n<ul><\/ul>\n<\/div>\n<form action=\"\/dicasdeviagem\/wp-json\/wp\/v2\/pages\/2785#wpcf7-f2791-o1\" method=\"post\" class=\"wpcf7-form init\" aria-label=\"Formul\u00e1rios de contato\" novalidate=\"novalidate\" data-status=\"init\">\n<div style=\"display: none;\">\n<input type=\"hidden\" name=\"_wpcf7\" value=\"2791\" \/><br \/>\n<input type=\"hidden\" name=\"_wpcf7_version\" value=\"6.0.6\" \/><br \/>\n<input type=\"hidden\" name=\"_wpcf7_locale\" value=\"pt_BR\" \/><br \/>\n<input type=\"hidden\" name=\"_wpcf7_unit_tag\" value=\"wpcf7-f2791-o1\" \/><br \/>\n<input type=\"hidden\" name=\"_wpcf7_container_post\" value=\"0\" \/><br \/>\n<input type=\"hidden\" name=\"_wpcf7_posted_data_hash\" value=\"\" \/>\n<\/div>\n<p>Seu nome (obrigat\u00f3rio)\n<\/p>\n<p><span class=\"wpcf7-form-control-wrap\" data-name=\"your-name\"><input size=\"40\" maxlength=\"400\" class=\"wpcf7-form-control wpcf7-text wpcf7-validates-as-required\" aria-required=\"true\" aria-invalid=\"false\" value=\"\" type=\"text\" name=\"your-name\" \/><\/span>\n<\/p>\n<p>Seu e-mail (obrigat\u00f3rio)\n<\/p>\n<p><span class=\"wpcf7-form-control-wrap\" data-name=\"your-email\"><input size=\"40\" maxlength=\"400\" class=\"wpcf7-form-control wpcf7-email wpcf7-validates-as-required wpcf7-text wpcf7-validates-as-email\" aria-required=\"true\" aria-invalid=\"false\" value=\"\" type=\"email\" name=\"your-email\" \/><\/span>\n<\/p>\n<p> Assunto\n<\/p>\n<p><span class=\"wpcf7-form-control-wrap\" data-name=\"your-subject\"><select class=\"wpcf7-form-control wpcf7-select wpcf7-validates-as-required\" aria-required=\"true\" aria-invalid=\"false\" name=\"your-subject\"><option value=\"Sugest\u00f5es, cr\u00edticas ou elogios\">Sugest\u00f5es, cr\u00edticas ou elogios<\/option><option value=\"Envio de material para publica\u00e7\u00e3o no blog\">Envio de material para publica\u00e7\u00e3o no blog<\/option><option value=\"Proposta de parceria\">Proposta de parceria<\/option><option value=\"Solicita\u00e7\u00e3o de entrevista\">Solicita\u00e7\u00e3o de entrevista<\/option><option value=\"Outros assuntos\">Outros assuntos<\/option><\/select><\/span>\n<\/p>\n<p>Sua mensagem\n<\/p>\n<p><span class=\"wpcf7-form-control-wrap\" data-name=\"your-message\"><textarea cols=\"40\" rows=\"10\" maxlength=\"2000\" class=\"wpcf7-form-control wpcf7-textarea\" aria-invalid=\"false\" name=\"your-message\"><\/textarea><\/span>\n<\/p>\n<p>Quer aproveitar a oportunidade para se cadastrar na lista de novidades do blog?\n<\/p>\n<p><!-- Mailchimp for WordPress v4.9.17 - https:\/\/www.mc4wp.com\/ --><input type=\"hidden\" name=\"_mc4wp_subscribe_contact-form-7\" value=\"0\" \/><span class=\"mc4wp-checkbox mc4wp-checkbox-contact-form-7 \" ><label><input type=\"checkbox\" name=\"_mc4wp_subscribe_contact-form-7\" value=\"1\" checked=\"checked\"  \/><span>Quero receber uma mensagem (por e-mail) cada vez que for publicada uma nova dica de viagem nesse blog<\/span><\/label><\/span><!-- \/ Mailchimp for WordPress -->\n<\/p>\n<p>Clique na caixa abaixo para provar que voc\u00ea n\u00e3o \u00e9 um rob\u00f4\n<\/p>\n<p>[recaptcha]\n<\/p>\n<p><input class=\"wpcf7-form-control wpcf7-submit has-spinner\" type=\"submit\" value=\"Enviar\" \/>\n<\/p>\n<p style=\"display: none !important;\" class=\"akismet-fields-container\" data-prefix=\"_wpcf7_ak_\"><label>&#916;<textarea name=\"_wpcf7_ak_hp_textarea\" cols=\"45\" rows=\"8\" maxlength=\"100\"><\/textarea><\/label><input type=\"hidden\" id=\"ak_js_1\" name=\"_wpcf7_ak_js\" value=\"39\"\/><script>document.getElementById( \"ak_js_1\" ).setAttribute( \"value\", ( new Date() ).getTime() );<\/script><\/p>\n<div class=\"wpcf7-response-output\" aria-hidden=\"true\"><\/div>\n<\/form>\n<\/div>\n<p><\/p>\n<\/p>\t\t\t\t\t\t\t\t<\/div>\n\t\t\t\t<\/div>\n\t\t\t\t\t<\/div>\n\t\t<\/div>\n\t\t\t\t\t<\/div>\n\t\t<\/section>\n\t\t\t\t<\/div>\n\t\t","protected":false},"excerpt":{"rendered":"<p>Se voc\u00ea quiser me enviar uma sugest\u00e3o, cr\u00edtica ou elogio eu lhe agrade\u00e7o imensamente, pois o retorno dos leitores \u00e9 muito importante para\u00a0alimenta\u00e7\u00e3o do ciclo<\/p>\n","protected":false},"author":1,"featured_media":0,"parent":0,"menu_order":0,"comment_status":"closed","ping_status":"closed","template":"","meta":{"_bos_mb_destination":[""],"footnotes":""},"class_list":["post-2785","page","type-page","status-publish","czr-hentry"],"yoast_head":"<!-- This site is optimized with the Yoast SEO plugin v27.2 - https:\/\/yoast.com\/product\/yoast-seo-wordpress\/ -->\n<title>Fale comigo - VIVER VIAJANDO<\/title>\n<meta name=\"description\" content=\"Orienta\u00e7\u00f5es e formul\u00e1rio para que o leitor do blog de DICAS DE VIAGEM possa entrar em contato com Jodelson Sabino, o autor.\" \/>\n<meta name=\"robots\" content=\"index, follow, max-snippet:-1, max-image-preview:large, max-video-preview:-1\" \/>\n<link rel=\"canonical\" href=\"http:\/\/jodelson.com\/dicasdeviagem\/fale-comigo\/\" \/>\n<meta property=\"og:locale\" content=\"pt_BR\" \/>\n<meta property=\"og:type\" content=\"article\" \/>\n<meta property=\"og:title\" content=\"Fale comigo - VIVER VIAJANDO\" \/>\n<meta property=\"og:description\" content=\"Orienta\u00e7\u00f5es e formul\u00e1rio para que o leitor do blog de DICAS DE VIAGEM possa entrar em contato com Jodelson Sabino, o autor.\" \/>\n<meta property=\"og:url\" content=\"http:\/\/jodelson.com\/dicasdeviagem\/fale-comigo\/\" \/>\n<meta property=\"og:site_name\" content=\"VIVER VIAJANDO\" \/>\n<meta property=\"article:publisher\" content=\"https:\/\/www.facebook.com\/ddviagem\" \/>\n<meta property=\"article:modified_time\" content=\"2019-05-05T11:18:58+00:00\" \/>\n<meta property=\"og:image\" content=\"http:\/\/jodelson.com\/dicasdeviagem\/wp-content\/uploads\/2016\/02\/fale-comigo.jpg\" \/>\n<meta name=\"twitter:label1\" content=\"Est. tempo de leitura\" \/>\n\t<meta name=\"twitter:data1\" content=\"1 minuto\" \/>\n<script type=\"application\/ld+json\" class=\"yoast-schema-graph\">{\"@context\":\"https:\/\/schema.org\",\"@graph\":[{\"@type\":\"WebPage\",\"@id\":\"http:\/\/jodelson.com\/dicasdeviagem\/fale-comigo\/\",\"url\":\"http:\/\/jodelson.com\/dicasdeviagem\/fale-comigo\/\",\"name\":\"Fale comigo - VIVER VIAJANDO\",\"isPartOf\":{\"@id\":\"http:\/\/jodelson.com\/dicasdeviagem\/#website\"},\"primaryImageOfPage\":{\"@id\":\"http:\/\/jodelson.com\/dicasdeviagem\/fale-comigo\/#primaryimage\"},\"image\":{\"@id\":\"http:\/\/jodelson.com\/dicasdeviagem\/fale-comigo\/#primaryimage\"},\"thumbnailUrl\":\"http:\/\/jodelson.com\/dicasdeviagem\/wp-content\/uploads\/2016\/02\/fale-comigo.jpg\",\"datePublished\":\"2016-02-25T08:54:30+00:00\",\"dateModified\":\"2019-05-05T11:18:58+00:00\",\"description\":\"Orienta\u00e7\u00f5es e formul\u00e1rio para que o leitor do blog de DICAS DE VIAGEM possa entrar em contato com Jodelson Sabino, o autor.\",\"breadcrumb\":{\"@id\":\"http:\/\/jodelson.com\/dicasdeviagem\/fale-comigo\/#breadcrumb\"},\"inLanguage\":\"pt-BR\",\"potentialAction\":[{\"@type\":\"ReadAction\",\"target\":[\"http:\/\/jodelson.com\/dicasdeviagem\/fale-comigo\/\"]}]},{\"@type\":\"ImageObject\",\"inLanguage\":\"pt-BR\",\"@id\":\"http:\/\/jodelson.com\/dicasdeviagem\/fale-comigo\/#primaryimage\",\"url\":\"https:\/\/i0.wp.com\/jodelson.com\/dicasdeviagem\/wp-content\/uploads\/2016\/02\/fale-comigo.jpg?fit=600%2C338\",\"contentUrl\":\"https:\/\/i0.wp.com\/jodelson.com\/dicasdeviagem\/wp-content\/uploads\/2016\/02\/fale-comigo.jpg?fit=600%2C338\",\"width\":600,\"height\":338,\"caption\":\"fale-comigo\"},{\"@type\":\"BreadcrumbList\",\"@id\":\"http:\/\/jodelson.com\/dicasdeviagem\/fale-comigo\/#breadcrumb\",\"itemListElement\":[{\"@type\":\"ListItem\",\"position\":1,\"name\":\"In\u00edcio\",\"item\":\"http:\/\/jodelson.com\/dicasdeviagem\/\"},{\"@type\":\"ListItem\",\"position\":2,\"name\":\"Fale comigo\"}]},{\"@type\":\"WebSite\",\"@id\":\"http:\/\/jodelson.com\/dicasdeviagem\/#website\",\"url\":\"http:\/\/jodelson.com\/dicasdeviagem\/\",\"name\":\"VIVER VIAJANDO\",\"description\":\"Aqui compartilho minhas melhores fotos, experi\u00eancias e dicas de viagem\",\"potentialAction\":[{\"@type\":\"SearchAction\",\"target\":{\"@type\":\"EntryPoint\",\"urlTemplate\":\"http:\/\/jodelson.com\/dicasdeviagem\/?s={search_term_string}\"},\"query-input\":{\"@type\":\"PropertyValueSpecification\",\"valueRequired\":true,\"valueName\":\"search_term_string\"}}],\"inLanguage\":\"pt-BR\"}]}<\/script>\n<!-- \/ Yoast SEO plugin. -->","yoast_head_json":{"title":"Fale comigo - VIVER VIAJANDO","description":"Orienta\u00e7\u00f5es e formul\u00e1rio para que o leitor do blog de DICAS DE VIAGEM possa entrar em contato com Jodelson Sabino, o autor.","robots":{"index":"index","follow":"follow","max-snippet":"max-snippet:-1","max-image-preview":"max-image-preview:large","max-video-preview":"max-video-preview:-1"},"canonical":"http:\/\/jodelson.com\/dicasdeviagem\/fale-comigo\/","og_locale":"pt_BR","og_type":"article","og_title":"Fale comigo - VIVER VIAJANDO","og_description":"Orienta\u00e7\u00f5es e formul\u00e1rio para que o leitor do blog de DICAS DE VIAGEM possa entrar em contato com Jodelson Sabino, o autor.","og_url":"http:\/\/jodelson.com\/dicasdeviagem\/fale-comigo\/","og_site_name":"VIVER VIAJANDO","article_publisher":"https:\/\/www.facebook.com\/ddviagem","article_modified_time":"2019-05-05T11:18:58+00:00","og_image":[{"url":"http:\/\/jodelson.com\/dicasdeviagem\/wp-content\/uploads\/2016\/02\/fale-comigo.jpg","type":"","width":"","height":""}],"twitter_misc":{"Est. tempo de leitura":"1 minuto"},"schema":{"@context":"https:\/\/schema.org","@graph":[{"@type":"WebPage","@id":"http:\/\/jodelson.com\/dicasdeviagem\/fale-comigo\/","url":"http:\/\/jodelson.com\/dicasdeviagem\/fale-comigo\/","name":"Fale comigo - VIVER VIAJANDO","isPartOf":{"@id":"http:\/\/jodelson.com\/dicasdeviagem\/#website"},"primaryImageOfPage":{"@id":"http:\/\/jodelson.com\/dicasdeviagem\/fale-comigo\/#primaryimage"},"image":{"@id":"http:\/\/jodelson.com\/dicasdeviagem\/fale-comigo\/#primaryimage"},"thumbnailUrl":"http:\/\/jodelson.com\/dicasdeviagem\/wp-content\/uploads\/2016\/02\/fale-comigo.jpg","datePublished":"2016-02-25T08:54:30+00:00","dateModified":"2019-05-05T11:18:58+00:00","description":"Orienta\u00e7\u00f5es e formul\u00e1rio para que o leitor do blog de DICAS DE VIAGEM possa entrar em contato com Jodelson Sabino, o autor.","breadcrumb":{"@id":"http:\/\/jodelson.com\/dicasdeviagem\/fale-comigo\/#breadcrumb"},"inLanguage":"pt-BR","potentialAction":[{"@type":"ReadAction","target":["http:\/\/jodelson.com\/dicasdeviagem\/fale-comigo\/"]}]},{"@type":"ImageObject","inLanguage":"pt-BR","@id":"http:\/\/jodelson.com\/dicasdeviagem\/fale-comigo\/#primaryimage","url":"https:\/\/i0.wp.com\/jodelson.com\/dicasdeviagem\/wp-content\/uploads\/2016\/02\/fale-comigo.jpg?fit=600%2C338","contentUrl":"https:\/\/i0.wp.com\/jodelson.com\/dicasdeviagem\/wp-content\/uploads\/2016\/02\/fale-comigo.jpg?fit=600%2C338","width":600,"height":338,"caption":"fale-comigo"},{"@type":"BreadcrumbList","@id":"http:\/\/jodelson.com\/dicasdeviagem\/fale-comigo\/#breadcrumb","itemListElement":[{"@type":"ListItem","position":1,"name":"In\u00edcio","item":"http:\/\/jodelson.com\/dicasdeviagem\/"},{"@type":"ListItem","position":2,"name":"Fale comigo"}]},{"@type":"WebSite","@id":"http:\/\/jodelson.com\/dicasdeviagem\/#website","url":"http:\/\/jodelson.com\/dicasdeviagem\/","name":"VIVER VIAJANDO","description":"Aqui compartilho minhas melhores fotos, experi\u00eancias e dicas de viagem","potentialAction":[{"@type":"SearchAction","target":{"@type":"EntryPoint","urlTemplate":"http:\/\/jodelson.com\/dicasdeviagem\/?s={search_term_string}"},"query-input":{"@type":"PropertyValueSpecification","valueRequired":true,"valueName":"search_term_string"}}],"inLanguage":"pt-BR"}]}},"jetpack_sharing_enabled":true,"jetpack-related-posts":[{"id":2,"url":"http:\/\/jodelson.com\/dicasdeviagem\/about\/","url_meta":{"origin":2785,"position":0},"title":"Sobre o blog","author":"jodelson","date":"22\/12\/2009","format":false,"excerpt":"Primeiro me apresento Homenagem \u00e0 m\u00fasica mais ouvida em minhas f\u00e9rias de ver\u00e3o de 2018 Ol\u00e1! Eu sou Jodelson Sabino, o autor desse blog. Moro em Vit\u00f3ria, Esp\u00edrito Santo, Brasil. J\u00e1 morei no Rio de Janeiro, capital e em Bruxelas, na B\u00e9lgica. Desfruto minhas horas de lazer em companhia de\u2026","rel":"","context":"Com 2 coment\u00e1rios","block_context":{"text":"Com 2 coment\u00e1rios","link":"http:\/\/jodelson.com\/dicasdeviagem\/about\/#comments"},"img":{"alt_text":"","src":"https:\/\/i0.wp.com\/jodelson.com\/dicasdeviagem\/wp-content\/uploads\/2020\/05\/havana-ooh-na-na.png?resize=350%2C200","width":350,"height":200,"srcset":"https:\/\/i0.wp.com\/jodelson.com\/dicasdeviagem\/wp-content\/uploads\/2020\/05\/havana-ooh-na-na.png?resize=350%2C200 1x, https:\/\/i0.wp.com\/jodelson.com\/dicasdeviagem\/wp-content\/uploads\/2020\/05\/havana-ooh-na-na.png?resize=525%2C300 1.5x, https:\/\/i0.wp.com\/jodelson.com\/dicasdeviagem\/wp-content\/uploads\/2020\/05\/havana-ooh-na-na.png?resize=700%2C400 2x"},"classes":[]},{"id":2755,"url":"http:\/\/jodelson.com\/dicasdeviagem\/dicas-de-uso\/","url_meta":{"origin":2785,"position":1},"title":"Dicas de uso do blog","author":"jodelson","date":"25\/02\/2016","format":false,"excerpt":"Aqui voc\u00ea encontra uma apresenta\u00e7\u00e3o\u00a0detalhada do layout\u00a0do blog, explica\u00e7\u00f5es sobre os recursos dispon\u00edveis e dicas para voc\u00ea usar esse blog\u00a0de maneira mais eficiente. No cabe\u00e7alho da p\u00e1gina principal h\u00e1 links diretos para as p\u00e1ginas desse blog no\u00a0Facebook e Google+. Voc\u00ea pode utilizar esses \u00edcones, por exemplo, para curtir e compartilhar\u2026","rel":"","context":"Post similar","block_context":{"text":"Post similar","link":""},"img":{"alt_text":"topo-dicas de uso do blog DICAS DE VIAGEM","src":"https:\/\/i0.wp.com\/jodelson.com\/dicasdeviagem\/wp-content\/uploads\/2016\/02\/topo-dicas-de-uso.jpg?resize=350%2C200","width":350,"height":200,"srcset":"https:\/\/i0.wp.com\/jodelson.com\/dicasdeviagem\/wp-content\/uploads\/2016\/02\/topo-dicas-de-uso.jpg?resize=350%2C200 1x, https:\/\/i0.wp.com\/jodelson.com\/dicasdeviagem\/wp-content\/uploads\/2016\/02\/topo-dicas-de-uso.jpg?resize=525%2C300 1.5x"},"classes":[]},{"id":2588,"url":"http:\/\/jodelson.com\/dicasdeviagem\/parceiros\/","url_meta":{"origin":2785,"position":2},"title":"Sobre os parceiros","author":"jodelson","date":"25\/02\/2016","format":false,"excerpt":"Temos parceiros unsplash-logoAdeolu Eletu Esse blog participa de programas de afiliados, ou seja, em alguns casos, a venda de produtos ou\u00a0servi\u00e7os, quando realizada a partir dos links aqui contidos\u00a0pode gerar receita para o blog. Al\u00e9m disso, alguns fornecedores\u00a0oferecem descontos para os leitores.A escolha dos programas de afiliados dos quais participo\u00a0\u00e9\u2026","rel":"","context":"Post similar","block_context":{"text":"Post similar","link":""},"img":{"alt_text":"","src":"https:\/\/i0.wp.com\/jodelson.com\/dicasdeviagem\/wp-content\/uploads\/2019\/05\/adeolu-eletu-38649-unsplash.jpg?resize=350%2C200","width":350,"height":200,"srcset":"https:\/\/i0.wp.com\/jodelson.com\/dicasdeviagem\/wp-content\/uploads\/2019\/05\/adeolu-eletu-38649-unsplash.jpg?resize=350%2C200 1x, https:\/\/i0.wp.com\/jodelson.com\/dicasdeviagem\/wp-content\/uploads\/2019\/05\/adeolu-eletu-38649-unsplash.jpg?resize=525%2C300 1.5x, https:\/\/i0.wp.com\/jodelson.com\/dicasdeviagem\/wp-content\/uploads\/2019\/05\/adeolu-eletu-38649-unsplash.jpg?resize=700%2C400 2x, https:\/\/i0.wp.com\/jodelson.com\/dicasdeviagem\/wp-content\/uploads\/2019\/05\/adeolu-eletu-38649-unsplash.jpg?resize=1050%2C600 3x, https:\/\/i0.wp.com\/jodelson.com\/dicasdeviagem\/wp-content\/uploads\/2019\/05\/adeolu-eletu-38649-unsplash.jpg?resize=1400%2C800 4x"},"classes":[]}],"_links":{"self":[{"href":"http:\/\/jodelson.com\/dicasdeviagem\/wp-json\/wp\/v2\/pages\/2785","targetHints":{"allow":["GET"]}}],"collection":[{"href":"http:\/\/jodelson.com\/dicasdeviagem\/wp-json\/wp\/v2\/pages"}],"about":[{"href":"http:\/\/jodelson.com\/dicasdeviagem\/wp-json\/wp\/v2\/types\/page"}],"author":[{"embeddable":true,"href":"http:\/\/jodelson.com\/dicasdeviagem\/wp-json\/wp\/v2\/users\/1"}],"replies":[{"embeddable":true,"href":"http:\/\/jodelson.com\/dicasdeviagem\/wp-json\/wp\/v2\/comments?post=2785"}],"version-history":[{"count":11,"href":"http:\/\/jodelson.com\/dicasdeviagem\/wp-json\/wp\/v2\/pages\/2785\/revisions"}],"predecessor-version":[{"id":3374,"href":"http:\/\/jodelson.com\/dicasdeviagem\/wp-json\/wp\/v2\/pages\/2785\/revisions\/3374"}],"wp:attachment":[{"href":"http:\/\/jodelson.com\/dicasdeviagem\/wp-json\/wp\/v2\/media?parent=2785"}],"curies":[{"name":"wp","href":"https:\/\/api.w.org\/{rel}","templated":true}]}}