{"id":2755,"date":"2016-02-25T09:21:07","date_gmt":"2016-02-25T12:21:07","guid":{"rendered":"http:\/\/jodelson.com\/dicasdeviagem\/?page_id=2755"},"modified":"2016-02-25T11:49:56","modified_gmt":"2016-02-25T14:49:56","slug":"dicas-de-uso","status":"publish","type":"page","link":"http:\/\/jodelson.com\/dicasdeviagem\/dicas-de-uso\/","title":{"rendered":"Dicas de uso do blog"},"content":{"rendered":"<p><img data-recalc-dims=\"1\" fetchpriority=\"high\" decoding=\"async\" class=\"aligncenter size-full wp-image-2779\" src=\"https:\/\/i0.wp.com\/jodelson.com\/dicasdeviagem\/wp-content\/uploads\/2016\/02\/topo-dicas-de-uso.jpg?resize=640%2C423\" alt=\"topo-dicas de uso do blog DICAS DE VIAGEM\" width=\"640\" height=\"423\" srcset=\"https:\/\/i0.wp.com\/jodelson.com\/dicasdeviagem\/wp-content\/uploads\/2016\/02\/topo-dicas-de-uso.jpg?w=640 640w, https:\/\/i0.wp.com\/jodelson.com\/dicasdeviagem\/wp-content\/uploads\/2016\/02\/topo-dicas-de-uso.jpg?resize=300%2C198 300w\" sizes=\"(max-width: 640px) 100vw, 640px\" \/><\/p>\n<p>Aqui voc\u00ea encontra uma apresenta\u00e7\u00e3o\u00a0detalhada do <em>layout\u00a0<\/em>do blog, explica\u00e7\u00f5es sobre os recursos dispon\u00edveis e dicas para voc\u00ea<strong> usar esse blog<\/strong>\u00a0de maneira <strong>mais eficiente<\/strong>.<\/p>\n<p>No cabe\u00e7alho da p\u00e1gina principal h\u00e1 links diretos para as p\u00e1ginas desse blog no\u00a0Facebook e Google+. Voc\u00ea pode utilizar esses \u00edcones, por exemplo, para curtir e compartilhar essas p\u00e1ginas com seus amigos. Sempre que publico um novo artigo nesse blog o mesmo \u00e9 publicado tamb\u00e9m nessas duas redes sociais.<\/p>\n<h2>1. Recursos da coluna da direita<\/h2>\n<p>H\u00e1 uma coluna do lado direito de\u00a0<strong>todas as p\u00e1ginas<\/strong> do blog (inclusive essa!) com alguns recursos e informa\u00e7\u00f5es que voc\u00ea pode\u00a0utilizar para melhorar a sua experi\u00eancia de visita:<\/p>\n<ul>\n<li>A sess\u00e3o FACEBOOK \u00e9 um espa\u00e7o espec\u00edfico onde voc\u00ea poder\u00e1 curtir, compartilhar ou simplesmente acessar a p\u00e1gina desse blog no facebook. A diferen\u00e7a desse espa\u00e7o para o \u00edcone do Facebook no cabe\u00e7alho da p\u00e1gina principal \u00e9 que quando voc\u00ea clica no \u00edcone do cabe\u00e7alho \u00e9 aberta uma nova aba de navega\u00e7\u00e3o no seu navegador exclusiva para acesso no facebook, ao passo que clicando no espa\u00e7o do canto superior direito voc\u00ea pode curtir ou compartilhar e permanecer na p\u00e1gina do blog;<\/li>\n<li>Na sess\u00e3o CADASTRE-SE voc\u00ea poder\u00e1 entrar com\u00a0o seu endere\u00e7o de e-mail para receber uma mensagem (por e-mail) cada vez que for inclu\u00edda uma nova dica de viagem nesse blog. Voc\u00ea deve digitar o e-mail e clicar no bot\u00e3o &#8220;Inscreva-se&#8221;. Em seguida voc\u00ea receber\u00e1 um e-mail de confirma\u00e7\u00e3o e dever\u00e1 abri-lo, clicar no bot\u00e3o &#8220;Sim, inscreva-me nessa lista&#8221; e a partir da\u00ed, sempre que eu publicar um novo artigo nesse blog, voc\u00ea ser\u00e1 informado. Simples assim!<\/li>\n<li>Na sess\u00e3o PARCEIROS voc\u00ea poder\u00e1 ter acesso r\u00e1pido \u00e0 cota\u00e7\u00e3o de pre\u00e7os de hospedagem com a <a href=\"http:\/\/www.booking.com\/index.html?aid=908224\">Booking.com<\/a>\u00ae e aluguel de carros com a <a href=\"http:\/\/www.rentcars.com.br\/?requestorid=189\">rentcars.com<\/a>\u00ae. Ambos s\u00e3o meus parceiros, o que significa que se voc\u00ea reservar um hotel ou alugar um carro a partir dessas cota\u00e7\u00f5es gerar\u00e1 receita para o blog.<\/li>\n<li>Na sess\u00e3o AN\u00daNCIOS voc\u00ea ver\u00e1 um an\u00fancio\u00a0de algum produto que acredito ser de seu interesse.<\/li>\n<li>Na sess\u00e3o CATEGORIAS voc\u00ea encontra uma lista completa de todos os continentes\u00a0e\u00a0pa\u00edses que s\u00e3o tema de um ou mais artigos desse blog. Ao clicar em um item\u00a0dessa lista voc\u00ea ter\u00e1 acesso \u00e1 lista com os artigos que tem aquele item como tema. Por exemplo, se clicar em &#8220;Mo\u00e7ambique&#8221; ter\u00e1 acesso \u00e0 lista dos artigos desse blog sobre o pa\u00eds Mo\u00e7ambique, localizado na \u00c1frica. Se clicar em &#8220;\u00c1frica&#8221;, ter\u00e1 acesso a uma lista com todos os artigos desse blog que falam sobre lugares do continente Africano. O \u00faltimo item dessa lista tem nome QUALQUER LUGAR e \u00e9 para listar os artigos que se aplicam a <strong>qualquer pa\u00eds ou continente<\/strong> para onde voc\u00ea deseje viajar.<\/li>\n<li>Na sess\u00e3o ASSUNTOS h\u00e1 uma lista dos assuntos cobertos nesse blog. Se voc\u00ea clicar em um dos assuntos dessa lista ter\u00e1 acesso \u00e0 lista com os artigos do blog que falam sobre aquele assunto. Por exemplo, se clicar em &#8220;como ir&#8221; receber\u00e1 uma lista de todos os artigos desse blog que explicam como ir de um lugar para outro, dentre eles <a href=\"http:\/\/jodelson.com\/dicasdeviagem\/como-ir-de-porto-alegre-a-gramado-ou-canela\/\">como ir de Porto Alegre a Gramado ou Canela<\/a>.<\/li>\n<\/ul>\n<h2>2. Recursos dispon\u00edveis na parte final dos artigos<\/h2>\n<p>Ao final de todo artigo desse blog h\u00e1 sempre os seguintes recursos dispon\u00edveis para o leitor<img data-recalc-dims=\"1\" decoding=\"async\" class=\"wp-image-2782 alignright\" src=\"https:\/\/i0.wp.com\/jodelson.com\/dicasdeviagem\/wp-content\/uploads\/2016\/02\/layout_v1.02.png?resize=400%2C493\" alt=\"Leiaute do blog DICAS DE VIAGEM\" width=\"400\" height=\"493\" srcset=\"https:\/\/i0.wp.com\/jodelson.com\/dicasdeviagem\/wp-content\/uploads\/2016\/02\/layout_v1.02.png?resize=243%2C300 243w, https:\/\/i0.wp.com\/jodelson.com\/dicasdeviagem\/wp-content\/uploads\/2016\/02\/layout_v1.02.png?w=567 567w\" sizes=\"(max-width: 400px) 100vw, 400px\" \/><\/p>\n<ul>\n<li>Bot\u00f5es para compartilhamento e impress\u00e3o, com os quais o visitante pode clicar para <strong>compartilhar<\/strong>\u00a0o artigo com seus amigos nas seguintes <strong>redes sociais<\/strong>\n<ul>\n<li>[wp-svg-icons icon=&#8221;facebook-2&#8243; wrap=&#8221;i&#8221;] Facebook<\/li>\n<li>[wp-svg-icons icon=&#8221;google-plus-3&#8243; wrap=&#8221;i&#8221;] Google+<\/li>\n<li>[wp-svg-icons icon=&#8221;linkedin&#8221; wrap=&#8221;i&#8221;] Linkedin<\/li>\n<li>[wp-svg-icons icon=&#8221;pinterest-2&#8243; wrap=&#8221;i&#8221;] Pinterest<\/li>\n<li>[wp-svg-icons icon=&#8221;twitter-2&#8243; wrap=&#8221;i&#8221;] Twitter<\/li>\n<\/ul>\n<\/li>\n<li>Bot\u00e3o para compartilhar o artigo\u00a0atrav\u00e9s do envio\u00a0um <strong>e-mail<\/strong>, recomendando-o, por exemplo, para amigos que n\u00e3o tem conta em nenhum das redes sociais acima<\/li>\n<li>Bot\u00e3o para <strong>impress\u00e3o<\/strong> do artigo, assim voc\u00ea pode lev\u00e1-lo, por exemplo, para consultar em sua viagem.<\/li>\n<\/ul>\n<p>Al\u00e9m disso, h\u00e1 um espa\u00e7o dispon\u00edvel para voc\u00ea escrever e enviar um coment\u00e1rio sobre o artigo. Os coment\u00e1rios enviados ser\u00e3o tratados de acordo com o as\u00a0<a href=\"http:\/\/jodelson.com\/dicasdeviagem\/about\/#ABOUT-COMMENTS\">regras para modera\u00e7\u00e3o, resposta e publica\u00e7\u00e3o dos coment\u00e1rios<\/a> .<\/p>\n<h2>3. Recursos dispon\u00edveis no rodap\u00e9<\/h2>\n<p>No rodap\u00e9 de todas as p\u00e1ginas do blog\u00a0(inclusive essa!)voc\u00ea encontrar\u00e1 tr\u00eas \u00e1reas destacadas<\/p>\n<ul>\n<li>\u00c1 esquerda voc\u00ea h\u00e1\u00a0um menu com links para acesso a\u00a0informa\u00e7\u00f5es gerais sobre o blog, sobre os meus parceiros e sobre como falar comigo e para essa p\u00e1gina que voc\u00ea est\u00e1 lendo, com dicas de uso;<\/li>\n<li>No centro do rodap\u00e9 h\u00e1\u00a0uma lista de links para outros blogs\u00a0de minha autoria;<\/li>\n<li>Na parte direita voc\u00ea encontra um dos recursos que eu acho mais interessantes do blog. Voc\u00ea pode digitar um texto qualquer com uma ou mais palavras e clicar no bot\u00e3o &#8220;Pesquisar&#8221; para ter acesso a uma lista com todos os artigos do blog que cont\u00e9m aquele texto digitado. Por exemplo, se voc\u00ea digitar &#8220;Remis&#8221; e clicar no bot\u00e3o pesquisar ter\u00e1 a lista dos cinco artigos da s\u00e9rie que escrevi sobre a cidade de Reims, na Fran\u00e7a. Note que essa p\u00e1gina tamb\u00e9m aparecer\u00e1 na lista, pois nela tamb\u00e9m h\u00e1 a palavra Reims!<\/li>\n<\/ul>\n","protected":false},"excerpt":{"rendered":"<p>Aqui voc\u00ea encontra uma apresenta\u00e7\u00e3o\u00a0detalhada do layout\u00a0do blog, explica\u00e7\u00f5es sobre os recursos dispon\u00edveis e dicas para voc\u00ea usar esse blog\u00a0de maneira mais eficiente. No cabe\u00e7alho da p\u00e1gina principal h\u00e1 links diretos para as p\u00e1ginas desse blog no\u00a0Facebook e Google+. Voc\u00ea pode utilizar esses \u00edcones, por exemplo, para curtir e compartilhar essas p\u00e1ginas com seus amigos. [&hellip;]<\/p>\n","protected":false},"author":1,"featured_media":0,"parent":0,"menu_order":0,"comment_status":"closed","ping_status":"closed","template":"","meta":{"_bos_mb_destination":[],"footnotes":""},"class_list":["post-2755","page","type-page","status-publish","czr-hentry"],"yoast_head":"<!-- This site is optimized with the Yoast SEO plugin v27.2 - https:\/\/yoast.com\/product\/yoast-seo-wordpress\/ -->\n<title>Dicas de uso do blog - VIVER VIAJANDO<\/title>\n<meta name=\"description\" content=\"Aqui voc\u00ea encontra explica\u00e7\u00f5es sobre os recursos dispon\u00edveis e dicas para voc\u00ea\u00a0usar esse blog\u00a0de maneira\u00a0mais eficiente.\" \/>\n<meta name=\"robots\" content=\"index, follow, max-snippet:-1, max-image-preview:large, max-video-preview:-1\" \/>\n<link rel=\"canonical\" href=\"http:\/\/jodelson.com\/dicasdeviagem\/dicas-de-uso\/\" \/>\n<meta property=\"og:locale\" content=\"pt_BR\" \/>\n<meta property=\"og:type\" content=\"article\" \/>\n<meta property=\"og:title\" content=\"Dicas de uso do blog - VIVER VIAJANDO\" \/>\n<meta property=\"og:description\" content=\"Aqui voc\u00ea encontra explica\u00e7\u00f5es sobre os recursos dispon\u00edveis e dicas para voc\u00ea\u00a0usar esse blog\u00a0de maneira\u00a0mais eficiente.\" \/>\n<meta property=\"og:url\" content=\"http:\/\/jodelson.com\/dicasdeviagem\/dicas-de-uso\/\" \/>\n<meta property=\"og:site_name\" content=\"VIVER VIAJANDO\" \/>\n<meta property=\"article:publisher\" content=\"https:\/\/www.facebook.com\/ddviagem\" \/>\n<meta property=\"article:modified_time\" content=\"2016-02-25T14:49:56+00:00\" \/>\n<meta property=\"og:image\" content=\"http:\/\/jodelson.com\/dicasdeviagem\/wp-content\/uploads\/2016\/02\/topo-dicas-de-uso.jpg\" \/>\n<meta name=\"twitter:label1\" content=\"Est. tempo de leitura\" \/>\n\t<meta name=\"twitter:data1\" content=\"5 minutos\" \/>\n<script type=\"application\/ld+json\" class=\"yoast-schema-graph\">{\"@context\":\"https:\/\/schema.org\",\"@graph\":[{\"@type\":\"WebPage\",\"@id\":\"http:\/\/jodelson.com\/dicasdeviagem\/dicas-de-uso\/\",\"url\":\"http:\/\/jodelson.com\/dicasdeviagem\/dicas-de-uso\/\",\"name\":\"Dicas de uso do blog - VIVER VIAJANDO\",\"isPartOf\":{\"@id\":\"http:\/\/jodelson.com\/dicasdeviagem\/#website\"},\"primaryImageOfPage\":{\"@id\":\"http:\/\/jodelson.com\/dicasdeviagem\/dicas-de-uso\/#primaryimage\"},\"image\":{\"@id\":\"http:\/\/jodelson.com\/dicasdeviagem\/dicas-de-uso\/#primaryimage\"},\"thumbnailUrl\":\"http:\/\/jodelson.com\/dicasdeviagem\/wp-content\/uploads\/2016\/02\/topo-dicas-de-uso.jpg\",\"datePublished\":\"2016-02-25T12:21:07+00:00\",\"dateModified\":\"2016-02-25T14:49:56+00:00\",\"description\":\"Aqui voc\u00ea encontra explica\u00e7\u00f5es sobre os recursos dispon\u00edveis e dicas para voc\u00ea\u00a0usar esse blog\u00a0de maneira\u00a0mais eficiente.\",\"breadcrumb\":{\"@id\":\"http:\/\/jodelson.com\/dicasdeviagem\/dicas-de-uso\/#breadcrumb\"},\"inLanguage\":\"pt-BR\",\"potentialAction\":[{\"@type\":\"ReadAction\",\"target\":[\"http:\/\/jodelson.com\/dicasdeviagem\/dicas-de-uso\/\"]}]},{\"@type\":\"ImageObject\",\"inLanguage\":\"pt-BR\",\"@id\":\"http:\/\/jodelson.com\/dicasdeviagem\/dicas-de-uso\/#primaryimage\",\"url\":\"https:\/\/i0.wp.com\/jodelson.com\/dicasdeviagem\/wp-content\/uploads\/2016\/02\/topo-dicas-de-uso.jpg?fit=640%2C423\",\"contentUrl\":\"https:\/\/i0.wp.com\/jodelson.com\/dicasdeviagem\/wp-content\/uploads\/2016\/02\/topo-dicas-de-uso.jpg?fit=640%2C423\",\"width\":640,\"height\":423,\"caption\":\"topo-dicas de uso do blog DICAS DE VIAGEM\"},{\"@type\":\"BreadcrumbList\",\"@id\":\"http:\/\/jodelson.com\/dicasdeviagem\/dicas-de-uso\/#breadcrumb\",\"itemListElement\":[{\"@type\":\"ListItem\",\"position\":1,\"name\":\"In\u00edcio\",\"item\":\"http:\/\/jodelson.com\/dicasdeviagem\/\"},{\"@type\":\"ListItem\",\"position\":2,\"name\":\"Dicas de uso do blog\"}]},{\"@type\":\"WebSite\",\"@id\":\"http:\/\/jodelson.com\/dicasdeviagem\/#website\",\"url\":\"http:\/\/jodelson.com\/dicasdeviagem\/\",\"name\":\"VIVER VIAJANDO\",\"description\":\"Aqui compartilho minhas melhores fotos, experi\u00eancias e dicas de viagem\",\"potentialAction\":[{\"@type\":\"SearchAction\",\"target\":{\"@type\":\"EntryPoint\",\"urlTemplate\":\"http:\/\/jodelson.com\/dicasdeviagem\/?s={search_term_string}\"},\"query-input\":{\"@type\":\"PropertyValueSpecification\",\"valueRequired\":true,\"valueName\":\"search_term_string\"}}],\"inLanguage\":\"pt-BR\"}]}<\/script>\n<!-- \/ Yoast SEO plugin. -->","yoast_head_json":{"title":"Dicas de uso do blog - VIVER VIAJANDO","description":"Aqui voc\u00ea encontra explica\u00e7\u00f5es sobre os recursos dispon\u00edveis e dicas para voc\u00ea\u00a0usar esse blog\u00a0de maneira\u00a0mais eficiente.","robots":{"index":"index","follow":"follow","max-snippet":"max-snippet:-1","max-image-preview":"max-image-preview:large","max-video-preview":"max-video-preview:-1"},"canonical":"http:\/\/jodelson.com\/dicasdeviagem\/dicas-de-uso\/","og_locale":"pt_BR","og_type":"article","og_title":"Dicas de uso do blog - VIVER VIAJANDO","og_description":"Aqui voc\u00ea encontra explica\u00e7\u00f5es sobre os recursos dispon\u00edveis e dicas para voc\u00ea\u00a0usar esse blog\u00a0de maneira\u00a0mais eficiente.","og_url":"http:\/\/jodelson.com\/dicasdeviagem\/dicas-de-uso\/","og_site_name":"VIVER VIAJANDO","article_publisher":"https:\/\/www.facebook.com\/ddviagem","article_modified_time":"2016-02-25T14:49:56+00:00","og_image":[{"url":"http:\/\/jodelson.com\/dicasdeviagem\/wp-content\/uploads\/2016\/02\/topo-dicas-de-uso.jpg","type":"","width":"","height":""}],"twitter_misc":{"Est. tempo de leitura":"5 minutos"},"schema":{"@context":"https:\/\/schema.org","@graph":[{"@type":"WebPage","@id":"http:\/\/jodelson.com\/dicasdeviagem\/dicas-de-uso\/","url":"http:\/\/jodelson.com\/dicasdeviagem\/dicas-de-uso\/","name":"Dicas de uso do blog - VIVER VIAJANDO","isPartOf":{"@id":"http:\/\/jodelson.com\/dicasdeviagem\/#website"},"primaryImageOfPage":{"@id":"http:\/\/jodelson.com\/dicasdeviagem\/dicas-de-uso\/#primaryimage"},"image":{"@id":"http:\/\/jodelson.com\/dicasdeviagem\/dicas-de-uso\/#primaryimage"},"thumbnailUrl":"http:\/\/jodelson.com\/dicasdeviagem\/wp-content\/uploads\/2016\/02\/topo-dicas-de-uso.jpg","datePublished":"2016-02-25T12:21:07+00:00","dateModified":"2016-02-25T14:49:56+00:00","description":"Aqui voc\u00ea encontra explica\u00e7\u00f5es sobre os recursos dispon\u00edveis e dicas para voc\u00ea\u00a0usar esse blog\u00a0de maneira\u00a0mais eficiente.","breadcrumb":{"@id":"http:\/\/jodelson.com\/dicasdeviagem\/dicas-de-uso\/#breadcrumb"},"inLanguage":"pt-BR","potentialAction":[{"@type":"ReadAction","target":["http:\/\/jodelson.com\/dicasdeviagem\/dicas-de-uso\/"]}]},{"@type":"ImageObject","inLanguage":"pt-BR","@id":"http:\/\/jodelson.com\/dicasdeviagem\/dicas-de-uso\/#primaryimage","url":"https:\/\/i0.wp.com\/jodelson.com\/dicasdeviagem\/wp-content\/uploads\/2016\/02\/topo-dicas-de-uso.jpg?fit=640%2C423","contentUrl":"https:\/\/i0.wp.com\/jodelson.com\/dicasdeviagem\/wp-content\/uploads\/2016\/02\/topo-dicas-de-uso.jpg?fit=640%2C423","width":640,"height":423,"caption":"topo-dicas de uso do blog DICAS DE VIAGEM"},{"@type":"BreadcrumbList","@id":"http:\/\/jodelson.com\/dicasdeviagem\/dicas-de-uso\/#breadcrumb","itemListElement":[{"@type":"ListItem","position":1,"name":"In\u00edcio","item":"http:\/\/jodelson.com\/dicasdeviagem\/"},{"@type":"ListItem","position":2,"name":"Dicas de uso do blog"}]},{"@type":"WebSite","@id":"http:\/\/jodelson.com\/dicasdeviagem\/#website","url":"http:\/\/jodelson.com\/dicasdeviagem\/","name":"VIVER VIAJANDO","description":"Aqui compartilho minhas melhores fotos, experi\u00eancias e dicas de viagem","potentialAction":[{"@type":"SearchAction","target":{"@type":"EntryPoint","urlTemplate":"http:\/\/jodelson.com\/dicasdeviagem\/?s={search_term_string}"},"query-input":{"@type":"PropertyValueSpecification","valueRequired":true,"valueName":"search_term_string"}}],"inLanguage":"pt-BR"}]}},"jetpack_sharing_enabled":true,"jetpack-related-posts":[{"id":2,"url":"http:\/\/jodelson.com\/dicasdeviagem\/about\/","url_meta":{"origin":2755,"position":0},"title":"Sobre o blog","author":"jodelson","date":"22\/12\/2009","format":false,"excerpt":"Primeiro me apresento Homenagem \u00e0 m\u00fasica mais ouvida em minhas f\u00e9rias de ver\u00e3o de 2018 Ol\u00e1! Eu sou Jodelson Sabino, o autor desse blog. Moro em Vit\u00f3ria, Esp\u00edrito Santo, Brasil. J\u00e1 morei no Rio de Janeiro, capital e em Bruxelas, na B\u00e9lgica. Desfruto minhas horas de lazer em companhia de\u2026","rel":"","context":"Com 2 coment\u00e1rios","block_context":{"text":"Com 2 coment\u00e1rios","link":"http:\/\/jodelson.com\/dicasdeviagem\/about\/#comments"},"img":{"alt_text":"","src":"https:\/\/i0.wp.com\/jodelson.com\/dicasdeviagem\/wp-content\/uploads\/2020\/05\/havana-ooh-na-na.png?resize=350%2C200","width":350,"height":200,"srcset":"https:\/\/i0.wp.com\/jodelson.com\/dicasdeviagem\/wp-content\/uploads\/2020\/05\/havana-ooh-na-na.png?resize=350%2C200 1x, https:\/\/i0.wp.com\/jodelson.com\/dicasdeviagem\/wp-content\/uploads\/2020\/05\/havana-ooh-na-na.png?resize=525%2C300 1.5x, https:\/\/i0.wp.com\/jodelson.com\/dicasdeviagem\/wp-content\/uploads\/2020\/05\/havana-ooh-na-na.png?resize=700%2C400 2x"},"classes":[]},{"id":2588,"url":"http:\/\/jodelson.com\/dicasdeviagem\/parceiros\/","url_meta":{"origin":2755,"position":1},"title":"Sobre os parceiros","author":"jodelson","date":"25\/02\/2016","format":false,"excerpt":"Temos parceiros unsplash-logoAdeolu Eletu Esse blog participa de programas de afiliados, ou seja, em alguns casos, a venda de produtos ou\u00a0servi\u00e7os, quando realizada a partir dos links aqui contidos\u00a0pode gerar receita para o blog. Al\u00e9m disso, alguns fornecedores\u00a0oferecem descontos para os leitores.A escolha dos programas de afiliados dos quais participo\u00a0\u00e9\u2026","rel":"","context":"Post similar","block_context":{"text":"Post similar","link":""},"img":{"alt_text":"","src":"https:\/\/i0.wp.com\/jodelson.com\/dicasdeviagem\/wp-content\/uploads\/2019\/05\/adeolu-eletu-38649-unsplash.jpg?resize=350%2C200","width":350,"height":200,"srcset":"https:\/\/i0.wp.com\/jodelson.com\/dicasdeviagem\/wp-content\/uploads\/2019\/05\/adeolu-eletu-38649-unsplash.jpg?resize=350%2C200 1x, https:\/\/i0.wp.com\/jodelson.com\/dicasdeviagem\/wp-content\/uploads\/2019\/05\/adeolu-eletu-38649-unsplash.jpg?resize=525%2C300 1.5x, https:\/\/i0.wp.com\/jodelson.com\/dicasdeviagem\/wp-content\/uploads\/2019\/05\/adeolu-eletu-38649-unsplash.jpg?resize=700%2C400 2x, https:\/\/i0.wp.com\/jodelson.com\/dicasdeviagem\/wp-content\/uploads\/2019\/05\/adeolu-eletu-38649-unsplash.jpg?resize=1050%2C600 3x, https:\/\/i0.wp.com\/jodelson.com\/dicasdeviagem\/wp-content\/uploads\/2019\/05\/adeolu-eletu-38649-unsplash.jpg?resize=1400%2C800 4x"},"classes":[]},{"id":2785,"url":"http:\/\/jodelson.com\/dicasdeviagem\/fale-comigo\/","url_meta":{"origin":2755,"position":2},"title":"Fale comigo","author":"jodelson","date":"25\/02\/2016","format":false,"excerpt":"Se voc\u00ea quiser me enviar uma sugest\u00e3o, cr\u00edtica ou elogio eu lhe agrade\u00e7o imensamente, pois o retorno dos leitores \u00e9 muito importante para\u00a0alimenta\u00e7\u00e3o do ciclo escrevo mais recebo retorno dos leitores escrevo mais Se quiser enviar fotos ou outros documentos de sua autoria relacionados \u00e0 sua experi\u00eancia de viagem para\u2026","rel":"","context":"Post similar","block_context":{"text":"Post similar","link":""},"img":{"alt_text":"fale-comigo","src":"https:\/\/i0.wp.com\/jodelson.com\/dicasdeviagem\/wp-content\/uploads\/2016\/02\/fale-comigo.jpg?resize=350%2C200","width":350,"height":200,"srcset":"https:\/\/i0.wp.com\/jodelson.com\/dicasdeviagem\/wp-content\/uploads\/2016\/02\/fale-comigo.jpg?resize=350%2C200 1x, https:\/\/i0.wp.com\/jodelson.com\/dicasdeviagem\/wp-content\/uploads\/2016\/02\/fale-comigo.jpg?resize=525%2C300 1.5x"},"classes":[]},{"id":377,"url":"http:\/\/jodelson.com\/dicasdeviagem\/sobre-mim\/","url_meta":{"origin":2755,"position":3},"title":"Sobre o autor [desativado em 25\/02\/2016]","author":"jodelson","date":"04\/04\/2014","format":false,"excerpt":"Jodelson Sabino \u00e9 Mestre em Inform\u00e1tica e Doutor em Engenharia de Produ\u00e7\u00e3o. Desenvolve pesquisas na \u00e1rea de otimiza\u00e7\u00e3o aplicada a sistemas de transporte e log\u00edstica e trabalha h\u00e1 mais de 30\u00a0anos com tecnologia da Informa\u00e7\u00e3o. Desfruta suas horas de lazer em companhia de seus familiares e amigos e gosta muito\u2026","rel":"","context":"Com 6 coment\u00e1rios","block_context":{"text":"Com 6 coment\u00e1rios","link":"http:\/\/jodelson.com\/dicasdeviagem\/sobre-mim\/#comments"},"img":{"alt_text":"Jodelson Sabino em C\u00e0 D\u00b4Zan","src":"https:\/\/i0.wp.com\/jodelson.com\/dicasdeviagem\/wp-content\/uploads\/2009\/12\/DSCN0450_cr_Jodelson-300x225.jpg?resize=350%2C200","width":350,"height":200},"classes":[]}],"_links":{"self":[{"href":"http:\/\/jodelson.com\/dicasdeviagem\/wp-json\/wp\/v2\/pages\/2755","targetHints":{"allow":["GET"]}}],"collection":[{"href":"http:\/\/jodelson.com\/dicasdeviagem\/wp-json\/wp\/v2\/pages"}],"about":[{"href":"http:\/\/jodelson.com\/dicasdeviagem\/wp-json\/wp\/v2\/types\/page"}],"author":[{"embeddable":true,"href":"http:\/\/jodelson.com\/dicasdeviagem\/wp-json\/wp\/v2\/users\/1"}],"replies":[{"embeddable":true,"href":"http:\/\/jodelson.com\/dicasdeviagem\/wp-json\/wp\/v2\/comments?post=2755"}],"version-history":[{"count":13,"href":"http:\/\/jodelson.com\/dicasdeviagem\/wp-json\/wp\/v2\/pages\/2755\/revisions"}],"predecessor-version":[{"id":2838,"href":"http:\/\/jodelson.com\/dicasdeviagem\/wp-json\/wp\/v2\/pages\/2755\/revisions\/2838"}],"wp:attachment":[{"href":"http:\/\/jodelson.com\/dicasdeviagem\/wp-json\/wp\/v2\/media?parent=2755"}],"curies":[{"name":"wp","href":"https:\/\/api.w.org\/{rel}","templated":true}]}}