{"id":2,"date":"2009-12-22T18:55:12","date_gmt":"2009-12-23T00:55:12","guid":{"rendered":"http:\/\/jodelson.com\/dicasdeviagem\/?page_id=2"},"modified":"2025-06-30T06:02:13","modified_gmt":"2025-06-30T09:02:13","slug":"about","status":"publish","type":"page","link":"http:\/\/jodelson.com\/dicasdeviagem\/about\/","title":{"rendered":"Sobre o blog"},"content":{"rendered":"\n<h2 class=\"wp-block-heading\">Primeiro me apresento<\/h2>\n\n\n\n<figure class=\"wp-block-image size-large\"><img data-recalc-dims=\"1\" fetchpriority=\"high\" decoding=\"async\" width=\"940\" height=\"788\" src=\"https:\/\/i0.wp.com\/jodelson.com\/dicasdeviagem\/wp-content\/uploads\/2020\/05\/havana-ooh-na-na.png?resize=940%2C788\" alt=\"\" class=\"wp-image-3627\" srcset=\"https:\/\/i0.wp.com\/jodelson.com\/dicasdeviagem\/wp-content\/uploads\/2020\/05\/havana-ooh-na-na.png?w=940 940w, https:\/\/i0.wp.com\/jodelson.com\/dicasdeviagem\/wp-content\/uploads\/2020\/05\/havana-ooh-na-na.png?resize=300%2C251 300w, https:\/\/i0.wp.com\/jodelson.com\/dicasdeviagem\/wp-content\/uploads\/2020\/05\/havana-ooh-na-na.png?resize=768%2C644 768w\" sizes=\"(max-width: 940px) 100vw, 940px\" \/><figcaption class=\"wp-element-caption\">Homenagem \u00e0 <a href=\"https:\/\/pt.wikipedia.org\/wiki\/Havana_(can%C3%A7%C3%A3o_de_Camila_Cabello)\">m\u00fasica mais ouvida<\/a> em minhas f\u00e9rias de ver\u00e3o de 2018<\/figcaption><\/figure>\n\n\n\n<p>Ol\u00e1!<\/p>\n\n\n\n<p>Eu sou Jodelson Sabino, o autor desse blog.<\/p>\n\n\n\n<p>Moro em Vit\u00f3ria, Esp\u00edrito Santo, Brasil. J\u00e1 morei no Rio de Janeiro, capital e em Bruxelas, na B\u00e9lgica.<\/p>\n\n\n\n<p>Desfruto minhas horas de lazer em companhia de meus familiares e amigos e gosto muito de viajar.<\/p>\n\n\n\n<p>Um de meus passatempos preferidos \u00e9 criar conte\u00fado para a internet. Al\u00e9m do blog VIVER VIAJANDO e mais as suas vers\u00f5es no <a href=\"http:\/\/fb.me\/vvviajando\"><strong>facebook<\/strong><\/a> e no <a href=\"https:\/\/www.instagram.com\/vvviajando\/\"><strong>instagram<\/strong><\/a>, sou editor de um blog de\u00a0<a href=\"https:\/\/dicastec.jodelson.com\/\" target=\"_blank\" rel=\"noreferrer noopener\"><strong>Dicas de Tecnologia<\/strong><\/a> e de outro, onde publico os meus <a title=\"BLOg de Poemas de Jodelson Sabino\" href=\"http:\/\/www.jodelson.com\/poemas\" target=\"_blank\" rel=\"noopener noreferrer\"><strong>Poemas<\/strong><\/a>. <\/p>\n\n\n\n<p>Apesar disso, n\u00e3o vivo de blog (pelo menos por enquanto). Para conhecer o meu perfil profissional, consulte a minha <strong><a href=\"http:\/\/jodelson.com\">p\u00e1gina pessoal\u00a0na web<\/a><\/strong>. Al\u00e9m disso, ocasionalmente escrevo alguns artigos cient\u00edficos e profissionais, em portugu\u00eas, que publico em <strong><a href=\"https:\/\/www.linkedin.com\/in\/jodelson\/\">minha p\u00e1gina no linkedin<\/a><\/strong>.<\/p>\n\n\n\n<h2 class=\"wp-block-heading\">Como surgiu esse blog<\/h2>\n\n\n\n<figure class=\"wp-block-image size-large\"><img data-recalc-dims=\"1\" decoding=\"async\" width=\"1024\" height=\"680\" src=\"https:\/\/i0.wp.com\/jodelson.com\/dicasdeviagem\/wp-content\/uploads\/2020\/05\/placa-de-rua-com-destinos.jpg?resize=1024%2C680\" alt=\"\" class=\"wp-image-3605\" srcset=\"https:\/\/i0.wp.com\/jodelson.com\/dicasdeviagem\/wp-content\/uploads\/2020\/05\/placa-de-rua-com-destinos.jpg?resize=1024%2C680 1024w, https:\/\/i0.wp.com\/jodelson.com\/dicasdeviagem\/wp-content\/uploads\/2020\/05\/placa-de-rua-com-destinos.jpg?resize=300%2C199 300w, https:\/\/i0.wp.com\/jodelson.com\/dicasdeviagem\/wp-content\/uploads\/2020\/05\/placa-de-rua-com-destinos.jpg?resize=768%2C510 768w, https:\/\/i0.wp.com\/jodelson.com\/dicasdeviagem\/wp-content\/uploads\/2020\/05\/placa-de-rua-com-destinos.jpg?resize=1536%2C1021 1536w, https:\/\/i0.wp.com\/jodelson.com\/dicasdeviagem\/wp-content\/uploads\/2020\/05\/placa-de-rua-com-destinos.jpg?resize=2048%2C1361 2048w, https:\/\/i0.wp.com\/jodelson.com\/dicasdeviagem\/wp-content\/uploads\/2020\/05\/placa-de-rua-com-destinos.jpg?w=2340 2340w\" sizes=\"(max-width: 1024px) 100vw, 1024px\" \/><\/figure>\n\n\n\n<p>Sempre gostei de viajar e curto todas as fases da viagem, desde o planejamento at\u00e9 a compila\u00e7\u00e3o das fotos depois do retorno e as conversas com os amigos para trocar experi\u00eancias de viagem. Um dia, em uma dessas conversas sobre viagem, meus amigos me sugeriram criar um blog para <strong>compartilhar as minhas melhores dicas e experi\u00eancias de viagem<\/strong>. Foi assim que, em Dezembro de 2009, eu publiquei o primeiro artigo com uma dica de <a title=\"Primeiro artigo do blog: onde conseguir material bom e de gra\u00e7a para planejar a sua viagem \u00e0 Europa\" href=\"http:\/\/jodelson.com\/dicasdeviagem\/?p=1\"><strong>onde conseguir material bom e de gra\u00e7a para planejar uma viagem \u00e0 Europa<\/strong><\/a>.<\/p>\n\n\n\n<h2 class=\"wp-block-heading\">Como escrevo o blog<\/h2>\n\n\n\n<p>Todo o conte\u00fado do blog \u00e9 fruto do meu trabalho individual. Antes de cada publica\u00e7\u00e3o, aprofundo-me em pesquisas para enriquecer as informa\u00e7\u00f5es e desenvolver as ideias originais. Essa dedica\u00e7\u00e3o se traduz em horas de reda\u00e7\u00e3o e revis\u00f5es minuciosas, garantindo que o conte\u00fado de cada artigo seja o melhor poss\u00edvel. Busco publicar um texto por m\u00eas, mas a vida, com suas prioridades e, claro, as pr\u00f3prias viagens, \u00e0s vezes me pede uma pausa. Nesses momentos, o blog aguarda, mas nunca \u00e9 esquecido.<\/p>\n\n\n\n<h2 class=\"wp-block-heading\">Sobre a origem do material postado<\/h2>\n\n\n<div class=\"wp-block-image wp-image-1693\">\n<figure class=\"aligncenter size-large\"><img data-recalc-dims=\"1\" decoding=\"async\" width=\"1024\" height=\"592\" src=\"https:\/\/i0.wp.com\/jodelson.com\/dicasdeviagem\/wp-content\/uploads\/2020\/05\/guias-estante-escritorio-1024x592.jpg?resize=1024%2C592\" alt=\"\" class=\"wp-image-3603\" srcset=\"https:\/\/i0.wp.com\/jodelson.com\/dicasdeviagem\/wp-content\/uploads\/2020\/05\/guias-estante-escritorio-scaled.jpg?resize=1024%2C592 1024w, https:\/\/i0.wp.com\/jodelson.com\/dicasdeviagem\/wp-content\/uploads\/2020\/05\/guias-estante-escritorio-scaled.jpg?resize=300%2C174 300w, https:\/\/i0.wp.com\/jodelson.com\/dicasdeviagem\/wp-content\/uploads\/2020\/05\/guias-estante-escritorio-scaled.jpg?resize=768%2C444 768w, https:\/\/i0.wp.com\/jodelson.com\/dicasdeviagem\/wp-content\/uploads\/2020\/05\/guias-estante-escritorio-scaled.jpg?resize=1536%2C889 1536w, https:\/\/i0.wp.com\/jodelson.com\/dicasdeviagem\/wp-content\/uploads\/2020\/05\/guias-estante-escritorio-scaled.jpg?resize=2048%2C1185 2048w, https:\/\/i0.wp.com\/jodelson.com\/dicasdeviagem\/wp-content\/uploads\/2020\/05\/guias-estante-escritorio-scaled.jpg?w=2340 2340w\" sizes=\"(max-width: 1024px) 100vw, 1024px\" \/><figcaption class=\"wp-element-caption\">Mapas e guias em papel. Esse \u00e9 o material original de refer\u00eancia que eu utilizava em minhas primeiras viagens, nos anos 90<\/figcaption><\/figure>\n<\/div>\n\n\n<p>Na&nbsp;maioria dos artigos desse blog o texto foi escrito baseado em <strong>minha pr\u00f3pria experi\u00eancia<\/strong> e as fotos s\u00e3o de minha autoria,&nbsp;por\u00e9m, em alguns casos, eu recebi <strong>dica de amigos<\/strong> e familiares que compartilharam as suas experi\u00eancias e fotos de viagem comigo. Sempre que a dica foi contribui\u00e7\u00e3o de outra pessoa, esse fato \u00e9 citado, a menos que a pessoa que me deu as dicas ou me cedeu as fotos fa\u00e7a quest\u00e3o de ter sua identidade omitida. Quando publico fotos que n\u00e3o s\u00e3o de minha autoria, a origem \u00e9 indicada no rodap\u00e9 do artigo.<\/p>\n\n\n\n<p>Procuro complementar os artigos que escrevo com informa\u00e7\u00f5es adicionais obtidas com o \u00f3rg\u00e3o oficial de turismo dos locais citados, no caso de local p\u00fablico, ou do departamento de <em>marketing<\/em> corporativo, quando se trata de um local ou estabelecimento privado.<\/p>\n\n\n\n<h2 class=\"wp-block-heading\">Sobre os coment\u00e1rios deixados&nbsp;pelo leitores<\/h2>\n\n\n<div class=\"wp-block-image is-style-rounded\">\n<figure class=\"aligncenter\"><img data-recalc-dims=\"1\" loading=\"lazy\" decoding=\"async\" width=\"300\" height=\"198\" src=\"https:\/\/i0.wp.com\/jodelson.com\/dicasdeviagem\/wp-content\/uploads\/2016\/02\/topo-pilitica-coment%C3%A1rios.jpg?resize=300%2C198\" alt=\"algume-escrevendo-coment\u00e1rios\" class=\"wp-image-2760\" srcset=\"https:\/\/i0.wp.com\/jodelson.com\/dicasdeviagem\/wp-content\/uploads\/2016\/02\/topo-pilitica-coment%C3%A1rios.jpg?resize=300%2C198 300w, https:\/\/i0.wp.com\/jodelson.com\/dicasdeviagem\/wp-content\/uploads\/2016\/02\/topo-pilitica-coment%C3%A1rios.jpg?w=640 640w\" sizes=\"(max-width: 300px) 100vw, 300px\" \/><\/figure>\n<\/div>\n\n\n<p>Ao final de cada artigo, logo abaixo dos&nbsp;bot\u00f5es de&nbsp;compartilhamento,&nbsp;h\u00e1 sempre um espa\u00e7o para deixar um <strong>coment\u00e1rio<\/strong> sobre a dica de viagem<\/p>\n\n\n\n<p>Os coment\u00e1rios deixados s\u00e3o avaliados por mim, um a um, normalmente em um prazo de uma&nbsp;semana. Dependendo do conte\u00fado, os coment\u00e1rios s\u00e3o&nbsp;publicados na \u00e1rea destinada p\u00e1ra tal, no final do artigo. Em certos casos eu publico junto com o coment\u00e1rio algum retorno meu a respeito. Em todos os casos, quer eu publique ou n\u00e3o no final do artigo, eu sempre dou um retorno por e-mail para quem comentou.<\/p>\n\n\n\n<h4 class=\"wp-block-heading\">Regras para modera\u00e7\u00e3o, resposta e publica\u00e7\u00e3o dos coment\u00e1rios:<\/h4>\n\n\n\n<ul class=\"wp-block-list\">\n<li>Coment\u00e1rios que n\u00e3o estejam diretamente relacionados ao artigo ou que contenham propagandas s\u00e3o considerados <a title=\"Defini\u00e7\u00e3o de SPAM segundo a Wikipedia\" href=\"http:\/\/pt.wikipedia.org\/wiki\/Spam\" target=\"_blank\" rel=\"noopener noreferrer\"><em>spam<\/em> <\/a>e s\u00e3o sumariamente exclu\u00eddos;<\/li>\n\n\n\n<li>Coment\u00e1rios postados como an\u00f4nimo (i.e. sem especifica\u00e7\u00e3o do nome e e-mail) n\u00e3o s\u00e3o publicados e nem respondidos;<\/li>\n\n\n\n<li>O&nbsp;endere\u00e7o de e-mail informado junto com os coment\u00e1rios n\u00e3o \u00e9 publicado junto com os coment\u00e1rios nem repassado a terceiros.<\/li>\n<\/ul>\n\n\n\n<h2 class=\"wp-block-heading\">Outras p\u00e1ginas do blog<\/h2>\n\n\n\n<p>Al\u00e9m dessa p\u00e1gina que voc\u00ea est\u00e1 lendo, h\u00e1 outras tr\u00eas p\u00e1ginas de escopo geral. Todas elas com refer\u00eancia a partir do menu do rodap\u00e9 \u00e0 esquerda:<\/p>\n\n\n\n<p><strong><a href=\"http:\/\/jodelson.com\/dicasdeviagem\/fale-comigo\/\">Fale comigo<\/a><\/strong>, onde voc\u00ea ter\u00e1 como me enviar uma mensagem privada<\/p>\n\n\n\n<p><strong><a href=\"http:\/\/jodelson.com\/dicasdeviagem\/dicas-de-uso\/\">Dicas de uso<\/a><\/strong>, onde voc\u00ea ter\u00e1 uma apresenta\u00e7\u00e3o&nbsp;detalhada do <em>layout<\/em>, uma lista dos&nbsp;recursos dispon\u00edveis e algumas dicas de como&nbsp;usar esse blog&nbsp;de maneira mais eficiente<\/p>\n\n\n\n<p><strong><a href=\"http:\/\/jodelson.com\/dicasdeviagem\/parceiros\/\">Parceiros<\/a><\/strong>, onde voc\u00ea poder\u00e1 conhecer as empresas que tem parceria com esse blog. Os parceiros s\u00e3o empresas que podem oferecer descontos para os leitores e&nbsp;que podem gerar receita para ajudar na manuten\u00e7\u00e3o do blog.<\/p>\n","protected":false},"excerpt":{"rendered":"<p>Primeiro me apresento Ol\u00e1! Eu sou Jodelson Sabino, o autor desse blog. Moro em Vit\u00f3ria, Esp\u00edrito Santo, Brasil. J\u00e1 morei no Rio de Janeiro, capital e em Bruxelas, na B\u00e9lgica. Desfruto minhas horas de lazer em companhia de meus familiares e amigos e gosto muito de viajar. Um de meus passatempos preferidos \u00e9 criar conte\u00fado [&hellip;]<\/p>\n","protected":false},"author":1,"featured_media":0,"parent":0,"menu_order":0,"comment_status":"open","ping_status":"open","template":"","meta":{"_bos_mb_destination":[""],"footnotes":""},"class_list":["post-2","page","type-page","status-publish","czr-hentry"],"yoast_head":"<!-- This site is optimized with the Yoast SEO plugin v27.2 - https:\/\/yoast.com\/product\/yoast-seo-wordpress\/ -->\n<title>Sobre o blog - VIVER VIAJANDO<\/title>\n<meta name=\"description\" content=\"Apresenta\u00e7\u00e3o do Blog DICAS DE VIAGEM por Jodelson Sabino, incluindo dicas de uso e regras para modera\u00e7\u00e3o dos coment\u00e1rios\" \/>\n<meta name=\"robots\" content=\"index, follow, max-snippet:-1, max-image-preview:large, max-video-preview:-1\" \/>\n<link rel=\"canonical\" href=\"http:\/\/jodelson.com\/dicasdeviagem\/about\/\" \/>\n<meta property=\"og:locale\" content=\"pt_BR\" \/>\n<meta property=\"og:type\" content=\"article\" \/>\n<meta property=\"og:title\" content=\"Sobre o blog - VIVER VIAJANDO\" \/>\n<meta property=\"og:description\" content=\"Apresenta\u00e7\u00e3o do Blog DICAS DE VIAGEM por Jodelson Sabino, incluindo dicas de uso e regras para modera\u00e7\u00e3o dos coment\u00e1rios\" \/>\n<meta property=\"og:url\" content=\"http:\/\/jodelson.com\/dicasdeviagem\/about\/\" \/>\n<meta property=\"og:site_name\" content=\"VIVER VIAJANDO\" \/>\n<meta property=\"article:publisher\" content=\"https:\/\/www.facebook.com\/ddviagem\" \/>\n<meta property=\"article:modified_time\" content=\"2025-06-30T09:02:13+00:00\" \/>\n<meta property=\"og:image\" content=\"http:\/\/jodelson.com\/dicasdeviagem\/wp-content\/uploads\/2020\/05\/havana-ooh-na-na.png\" \/>\n<meta name=\"twitter:label1\" content=\"Est. tempo de leitura\" \/>\n\t<meta name=\"twitter:data1\" content=\"5 minutos\" \/>\n<script type=\"application\/ld+json\" class=\"yoast-schema-graph\">{\"@context\":\"https:\/\/schema.org\",\"@graph\":[{\"@type\":\"WebPage\",\"@id\":\"http:\/\/jodelson.com\/dicasdeviagem\/about\/\",\"url\":\"http:\/\/jodelson.com\/dicasdeviagem\/about\/\",\"name\":\"Sobre o blog - VIVER VIAJANDO\",\"isPartOf\":{\"@id\":\"http:\/\/jodelson.com\/dicasdeviagem\/#website\"},\"primaryImageOfPage\":{\"@id\":\"http:\/\/jodelson.com\/dicasdeviagem\/about\/#primaryimage\"},\"image\":{\"@id\":\"http:\/\/jodelson.com\/dicasdeviagem\/about\/#primaryimage\"},\"thumbnailUrl\":\"http:\/\/jodelson.com\/dicasdeviagem\/wp-content\/uploads\/2020\/05\/havana-ooh-na-na.png\",\"datePublished\":\"2009-12-23T00:55:12+00:00\",\"dateModified\":\"2025-06-30T09:02:13+00:00\",\"description\":\"Apresenta\u00e7\u00e3o do Blog DICAS DE VIAGEM por Jodelson Sabino, incluindo dicas de uso e regras para modera\u00e7\u00e3o dos coment\u00e1rios\",\"breadcrumb\":{\"@id\":\"http:\/\/jodelson.com\/dicasdeviagem\/about\/#breadcrumb\"},\"inLanguage\":\"pt-BR\",\"potentialAction\":[{\"@type\":\"ReadAction\",\"target\":[\"http:\/\/jodelson.com\/dicasdeviagem\/about\/\"]}]},{\"@type\":\"ImageObject\",\"inLanguage\":\"pt-BR\",\"@id\":\"http:\/\/jodelson.com\/dicasdeviagem\/about\/#primaryimage\",\"url\":\"https:\/\/i0.wp.com\/jodelson.com\/dicasdeviagem\/wp-content\/uploads\/2020\/05\/havana-ooh-na-na.png?fit=940%2C788\",\"contentUrl\":\"https:\/\/i0.wp.com\/jodelson.com\/dicasdeviagem\/wp-content\/uploads\/2020\/05\/havana-ooh-na-na.png?fit=940%2C788\",\"width\":940,\"height\":788},{\"@type\":\"BreadcrumbList\",\"@id\":\"http:\/\/jodelson.com\/dicasdeviagem\/about\/#breadcrumb\",\"itemListElement\":[{\"@type\":\"ListItem\",\"position\":1,\"name\":\"In\u00edcio\",\"item\":\"http:\/\/jodelson.com\/dicasdeviagem\/\"},{\"@type\":\"ListItem\",\"position\":2,\"name\":\"Sobre o blog\"}]},{\"@type\":\"WebSite\",\"@id\":\"http:\/\/jodelson.com\/dicasdeviagem\/#website\",\"url\":\"http:\/\/jodelson.com\/dicasdeviagem\/\",\"name\":\"VIVER VIAJANDO\",\"description\":\"Aqui compartilho minhas melhores fotos, experi\u00eancias e dicas de viagem\",\"potentialAction\":[{\"@type\":\"SearchAction\",\"target\":{\"@type\":\"EntryPoint\",\"urlTemplate\":\"http:\/\/jodelson.com\/dicasdeviagem\/?s={search_term_string}\"},\"query-input\":{\"@type\":\"PropertyValueSpecification\",\"valueRequired\":true,\"valueName\":\"search_term_string\"}}],\"inLanguage\":\"pt-BR\"}]}<\/script>\n<!-- \/ Yoast SEO plugin. -->","yoast_head_json":{"title":"Sobre o blog - VIVER VIAJANDO","description":"Apresenta\u00e7\u00e3o do Blog DICAS DE VIAGEM por Jodelson Sabino, incluindo dicas de uso e regras para modera\u00e7\u00e3o dos coment\u00e1rios","robots":{"index":"index","follow":"follow","max-snippet":"max-snippet:-1","max-image-preview":"max-image-preview:large","max-video-preview":"max-video-preview:-1"},"canonical":"http:\/\/jodelson.com\/dicasdeviagem\/about\/","og_locale":"pt_BR","og_type":"article","og_title":"Sobre o blog - VIVER VIAJANDO","og_description":"Apresenta\u00e7\u00e3o do Blog DICAS DE VIAGEM por Jodelson Sabino, incluindo dicas de uso e regras para modera\u00e7\u00e3o dos coment\u00e1rios","og_url":"http:\/\/jodelson.com\/dicasdeviagem\/about\/","og_site_name":"VIVER VIAJANDO","article_publisher":"https:\/\/www.facebook.com\/ddviagem","article_modified_time":"2025-06-30T09:02:13+00:00","og_image":[{"url":"http:\/\/jodelson.com\/dicasdeviagem\/wp-content\/uploads\/2020\/05\/havana-ooh-na-na.png","type":"","width":"","height":""}],"twitter_misc":{"Est. tempo de leitura":"5 minutos"},"schema":{"@context":"https:\/\/schema.org","@graph":[{"@type":"WebPage","@id":"http:\/\/jodelson.com\/dicasdeviagem\/about\/","url":"http:\/\/jodelson.com\/dicasdeviagem\/about\/","name":"Sobre o blog - VIVER VIAJANDO","isPartOf":{"@id":"http:\/\/jodelson.com\/dicasdeviagem\/#website"},"primaryImageOfPage":{"@id":"http:\/\/jodelson.com\/dicasdeviagem\/about\/#primaryimage"},"image":{"@id":"http:\/\/jodelson.com\/dicasdeviagem\/about\/#primaryimage"},"thumbnailUrl":"http:\/\/jodelson.com\/dicasdeviagem\/wp-content\/uploads\/2020\/05\/havana-ooh-na-na.png","datePublished":"2009-12-23T00:55:12+00:00","dateModified":"2025-06-30T09:02:13+00:00","description":"Apresenta\u00e7\u00e3o do Blog DICAS DE VIAGEM por Jodelson Sabino, incluindo dicas de uso e regras para modera\u00e7\u00e3o dos coment\u00e1rios","breadcrumb":{"@id":"http:\/\/jodelson.com\/dicasdeviagem\/about\/#breadcrumb"},"inLanguage":"pt-BR","potentialAction":[{"@type":"ReadAction","target":["http:\/\/jodelson.com\/dicasdeviagem\/about\/"]}]},{"@type":"ImageObject","inLanguage":"pt-BR","@id":"http:\/\/jodelson.com\/dicasdeviagem\/about\/#primaryimage","url":"https:\/\/i0.wp.com\/jodelson.com\/dicasdeviagem\/wp-content\/uploads\/2020\/05\/havana-ooh-na-na.png?fit=940%2C788","contentUrl":"https:\/\/i0.wp.com\/jodelson.com\/dicasdeviagem\/wp-content\/uploads\/2020\/05\/havana-ooh-na-na.png?fit=940%2C788","width":940,"height":788},{"@type":"BreadcrumbList","@id":"http:\/\/jodelson.com\/dicasdeviagem\/about\/#breadcrumb","itemListElement":[{"@type":"ListItem","position":1,"name":"In\u00edcio","item":"http:\/\/jodelson.com\/dicasdeviagem\/"},{"@type":"ListItem","position":2,"name":"Sobre o blog"}]},{"@type":"WebSite","@id":"http:\/\/jodelson.com\/dicasdeviagem\/#website","url":"http:\/\/jodelson.com\/dicasdeviagem\/","name":"VIVER VIAJANDO","description":"Aqui compartilho minhas melhores fotos, experi\u00eancias e dicas de viagem","potentialAction":[{"@type":"SearchAction","target":{"@type":"EntryPoint","urlTemplate":"http:\/\/jodelson.com\/dicasdeviagem\/?s={search_term_string}"},"query-input":{"@type":"PropertyValueSpecification","valueRequired":true,"valueName":"search_term_string"}}],"inLanguage":"pt-BR"}]}},"jetpack_sharing_enabled":true,"jetpack-related-posts":[{"id":2755,"url":"http:\/\/jodelson.com\/dicasdeviagem\/dicas-de-uso\/","url_meta":{"origin":2,"position":0},"title":"Dicas de uso do blog","author":"jodelson","date":"25\/02\/2016","format":false,"excerpt":"Aqui voc\u00ea encontra uma apresenta\u00e7\u00e3o\u00a0detalhada do layout\u00a0do blog, explica\u00e7\u00f5es sobre os recursos dispon\u00edveis e dicas para voc\u00ea usar esse blog\u00a0de maneira mais eficiente. No cabe\u00e7alho da p\u00e1gina principal h\u00e1 links diretos para as p\u00e1ginas desse blog no\u00a0Facebook e Google+. Voc\u00ea pode utilizar esses \u00edcones, por exemplo, para curtir e compartilhar\u2026","rel":"","context":"Post similar","block_context":{"text":"Post similar","link":""},"img":{"alt_text":"topo-dicas de uso do blog DICAS DE VIAGEM","src":"https:\/\/i0.wp.com\/jodelson.com\/dicasdeviagem\/wp-content\/uploads\/2016\/02\/topo-dicas-de-uso.jpg?resize=350%2C200","width":350,"height":200,"srcset":"https:\/\/i0.wp.com\/jodelson.com\/dicasdeviagem\/wp-content\/uploads\/2016\/02\/topo-dicas-de-uso.jpg?resize=350%2C200 1x, https:\/\/i0.wp.com\/jodelson.com\/dicasdeviagem\/wp-content\/uploads\/2016\/02\/topo-dicas-de-uso.jpg?resize=525%2C300 1.5x"},"classes":[]},{"id":2785,"url":"http:\/\/jodelson.com\/dicasdeviagem\/fale-comigo\/","url_meta":{"origin":2,"position":1},"title":"Fale comigo","author":"jodelson","date":"25\/02\/2016","format":false,"excerpt":"Se voc\u00ea quiser me enviar uma sugest\u00e3o, cr\u00edtica ou elogio eu lhe agrade\u00e7o imensamente, pois o retorno dos leitores \u00e9 muito importante para\u00a0alimenta\u00e7\u00e3o do ciclo escrevo mais recebo retorno dos leitores escrevo mais Se quiser enviar fotos ou outros documentos de sua autoria relacionados \u00e0 sua experi\u00eancia de viagem para\u2026","rel":"","context":"Post similar","block_context":{"text":"Post similar","link":""},"img":{"alt_text":"fale-comigo","src":"https:\/\/i0.wp.com\/jodelson.com\/dicasdeviagem\/wp-content\/uploads\/2016\/02\/fale-comigo.jpg?resize=350%2C200","width":350,"height":200,"srcset":"https:\/\/i0.wp.com\/jodelson.com\/dicasdeviagem\/wp-content\/uploads\/2016\/02\/fale-comigo.jpg?resize=350%2C200 1x, https:\/\/i0.wp.com\/jodelson.com\/dicasdeviagem\/wp-content\/uploads\/2016\/02\/fale-comigo.jpg?resize=525%2C300 1.5x"},"classes":[]},{"id":377,"url":"http:\/\/jodelson.com\/dicasdeviagem\/sobre-mim\/","url_meta":{"origin":2,"position":2},"title":"Sobre o autor [desativado em 25\/02\/2016]","author":"jodelson","date":"04\/04\/2014","format":false,"excerpt":"Jodelson Sabino \u00e9 Mestre em Inform\u00e1tica e Doutor em Engenharia de Produ\u00e7\u00e3o. Desenvolve pesquisas na \u00e1rea de otimiza\u00e7\u00e3o aplicada a sistemas de transporte e log\u00edstica e trabalha h\u00e1 mais de 30\u00a0anos com tecnologia da Informa\u00e7\u00e3o. Desfruta suas horas de lazer em companhia de seus familiares e amigos e gosta muito\u2026","rel":"","context":"Com 6 coment\u00e1rios","block_context":{"text":"Com 6 coment\u00e1rios","link":"http:\/\/jodelson.com\/dicasdeviagem\/sobre-mim\/#comments"},"img":{"alt_text":"Jodelson Sabino em C\u00e0 D\u00b4Zan","src":"https:\/\/i0.wp.com\/jodelson.com\/dicasdeviagem\/wp-content\/uploads\/2009\/12\/DSCN0450_cr_Jodelson-300x225.jpg?resize=350%2C200","width":350,"height":200},"classes":[]},{"id":2588,"url":"http:\/\/jodelson.com\/dicasdeviagem\/parceiros\/","url_meta":{"origin":2,"position":3},"title":"Sobre os parceiros","author":"jodelson","date":"25\/02\/2016","format":false,"excerpt":"Temos parceiros unsplash-logoAdeolu Eletu Esse blog participa de programas de afiliados, ou seja, em alguns casos, a venda de produtos ou\u00a0servi\u00e7os, quando realizada a partir dos links aqui contidos\u00a0pode gerar receita para o blog. Al\u00e9m disso, alguns fornecedores\u00a0oferecem descontos para os leitores.A escolha dos programas de afiliados dos quais participo\u00a0\u00e9\u2026","rel":"","context":"Post similar","block_context":{"text":"Post similar","link":""},"img":{"alt_text":"","src":"https:\/\/i0.wp.com\/jodelson.com\/dicasdeviagem\/wp-content\/uploads\/2019\/05\/adeolu-eletu-38649-unsplash.jpg?resize=350%2C200","width":350,"height":200,"srcset":"https:\/\/i0.wp.com\/jodelson.com\/dicasdeviagem\/wp-content\/uploads\/2019\/05\/adeolu-eletu-38649-unsplash.jpg?resize=350%2C200 1x, https:\/\/i0.wp.com\/jodelson.com\/dicasdeviagem\/wp-content\/uploads\/2019\/05\/adeolu-eletu-38649-unsplash.jpg?resize=525%2C300 1.5x, https:\/\/i0.wp.com\/jodelson.com\/dicasdeviagem\/wp-content\/uploads\/2019\/05\/adeolu-eletu-38649-unsplash.jpg?resize=700%2C400 2x, https:\/\/i0.wp.com\/jodelson.com\/dicasdeviagem\/wp-content\/uploads\/2019\/05\/adeolu-eletu-38649-unsplash.jpg?resize=1050%2C600 3x, https:\/\/i0.wp.com\/jodelson.com\/dicasdeviagem\/wp-content\/uploads\/2019\/05\/adeolu-eletu-38649-unsplash.jpg?resize=1400%2C800 4x"},"classes":[]}],"_links":{"self":[{"href":"http:\/\/jodelson.com\/dicasdeviagem\/wp-json\/wp\/v2\/pages\/2","targetHints":{"allow":["GET"]}}],"collection":[{"href":"http:\/\/jodelson.com\/dicasdeviagem\/wp-json\/wp\/v2\/pages"}],"about":[{"href":"http:\/\/jodelson.com\/dicasdeviagem\/wp-json\/wp\/v2\/types\/page"}],"author":[{"embeddable":true,"href":"http:\/\/jodelson.com\/dicasdeviagem\/wp-json\/wp\/v2\/users\/1"}],"replies":[{"embeddable":true,"href":"http:\/\/jodelson.com\/dicasdeviagem\/wp-json\/wp\/v2\/comments?post=2"}],"version-history":[{"count":40,"href":"http:\/\/jodelson.com\/dicasdeviagem\/wp-json\/wp\/v2\/pages\/2\/revisions"}],"predecessor-version":[{"id":3728,"href":"http:\/\/jodelson.com\/dicasdeviagem\/wp-json\/wp\/v2\/pages\/2\/revisions\/3728"}],"wp:attachment":[{"href":"http:\/\/jodelson.com\/dicasdeviagem\/wp-json\/wp\/v2\/media?parent=2"}],"curies":[{"name":"wp","href":"https:\/\/api.w.org\/{rel}","templated":true}]}}